{"id":34459,"date":"2022-03-13T15:36:35","date_gmt":"2022-03-13T15:36:35","guid":{"rendered":"https:\/\/jardinette.hu\/?page_id=34459"},"modified":"2025-11-04T14:54:50","modified_gmt":"2025-11-04T12:54:50","slug":"menu","status":"publish","type":"page","link":"https:\/\/jardinette.hu\/en\/menu\/","title":{"rendered":"Menu"},"content":{"rendered":"\t\t<div data-elementor-type=\"wp-page\" data-elementor-id=\"34459\" class=\"elementor elementor-34459\" data-elementor-post-type=\"page\">\n\t\t\t\t\t\t<section class=\"elementor-section elementor-top-section elementor-element elementor-element-4d8113a4 elementor-section-boxed elementor-section-height-default elementor-section-height-default\" data-id=\"4d8113a4\" data-element_type=\"section\" data-e-type=\"section\">\n\t\t\t\t\t\t<div class=\"elementor-container elementor-column-gap-default\">\n\t\t\t\t\t<div class=\"elementor-column elementor-col-100 elementor-top-column elementor-element elementor-element-f5fbd8a\" data-id=\"f5fbd8a\" data-element_type=\"column\" data-e-type=\"column\">\n\t\t\t<div class=\"elementor-widget-wrap elementor-element-populated\">\n\t\t\t\t\t\t<div class=\"elementor-element elementor-element-2d32029f elementor-widget elementor-widget-text-editor\" data-id=\"2d32029f\" data-element_type=\"widget\" data-e-type=\"widget\" data-widget_type=\"text-editor.default\">\n\t\t\t\t<div class=\"elementor-widget-container\">\n\t\t\t\t\t\t\t\t\t<p style=\"text-align: center;\"><img fetchpriority=\"high\" decoding=\"async\" class=\"alignnone wp-image-43314 size-full\" src=\"https:\/\/jardinette.hu\/wp-content\/uploads\/2025\/11\/etlap_25_osz_en-scaled.jpg\" alt=\"\" width=\"1524\" height=\"2560\" srcset=\"https:\/\/jardinette.hu\/wp-content\/uploads\/2025\/11\/etlap_25_osz_en-scaled.jpg 1524w, https:\/\/jardinette.hu\/wp-content\/uploads\/2025\/11\/etlap_25_osz_en-179x300.jpg 179w, https:\/\/jardinette.hu\/wp-content\/uploads\/2025\/11\/etlap_25_osz_en-613x1030.jpg 613w, https:\/\/jardinette.hu\/wp-content\/uploads\/2025\/11\/etlap_25_osz_en-768x1290.jpg 768w, https:\/\/jardinette.hu\/wp-content\/uploads\/2025\/11\/etlap_25_osz_en-914x1536.jpg 914w, https:\/\/jardinette.hu\/wp-content\/uploads\/2025\/11\/etlap_25_osz_en-1219x2048.jpg 1219w, https:\/\/jardinette.hu\/wp-content\/uploads\/2025\/11\/etlap_25_osz_en-893x1500.jpg 893w, https:\/\/jardinette.hu\/wp-content\/uploads\/2025\/11\/etlap_25_osz_en-420x705.jpg 420w, https:\/\/jardinette.hu\/wp-content\/uploads\/2025\/11\/etlap_25_osz_en-450x756.jpg 450w, https:\/\/jardinette.hu\/wp-content\/uploads\/2025\/11\/etlap_25_osz_en-1000x1680.jpg 1000w\" sizes=\"(max-width: 1524px) 100vw, 1524px\" \/> <img decoding=\"async\" class=\"alignnone wp-image-43312 size-full\" src=\"https:\/\/jardinette.hu\/wp-content\/uploads\/2025\/11\/etlap_25_osz_en2-scaled.jpg\" alt=\"\" width=\"1524\" height=\"2560\" srcset=\"https:\/\/jardinette.hu\/wp-content\/uploads\/2025\/11\/etlap_25_osz_en2-scaled.jpg 1524w, https:\/\/jardinette.hu\/wp-content\/uploads\/2025\/11\/etlap_25_osz_en2-179x300.jpg 179w, https:\/\/jardinette.hu\/wp-content\/uploads\/2025\/11\/etlap_25_osz_en2-613x1030.jpg 613w, https:\/\/jardinette.hu\/wp-content\/uploads\/2025\/11\/etlap_25_osz_en2-768x1290.jpg 768w, https:\/\/jardinette.hu\/wp-content\/uploads\/2025\/11\/etlap_25_osz_en2-914x1536.jpg 914w, https:\/\/jardinette.hu\/wp-content\/uploads\/2025\/11\/etlap_25_osz_en2-1219x2048.jpg 1219w, https:\/\/jardinette.hu\/wp-content\/uploads\/2025\/11\/etlap_25_osz_en2-893x1500.jpg 893w, https:\/\/jardinette.hu\/wp-content\/uploads\/2025\/11\/etlap_25_osz_en2-420x705.jpg 420w, https:\/\/jardinette.hu\/wp-content\/uploads\/2025\/11\/etlap_25_osz_en2-450x756.jpg 450w, https:\/\/jardinette.hu\/wp-content\/uploads\/2025\/11\/etlap_25_osz_en2-1000x1680.jpg 1000w\" sizes=\"(max-width: 1524px) 100vw, 1524px\" \/><\/p><p style=\"text-align: center;\"><img decoding=\"async\" class=\"alignnone wp-image-43310 size-full\" src=\"https:\/\/jardinette.hu\/wp-content\/uploads\/2025\/11\/desszertlap_25_osz_en.jpg\" alt=\"\" width=\"1748\" height=\"2480\" srcset=\"https:\/\/jardinette.hu\/wp-content\/uploads\/2025\/11\/desszertlap_25_osz_en.jpg 1748w, https:\/\/jardinette.hu\/wp-content\/uploads\/2025\/11\/desszertlap_25_osz_en-211x300.jpg 211w, https:\/\/jardinette.hu\/wp-content\/uploads\/2025\/11\/desszertlap_25_osz_en-726x1030.jpg 726w, https:\/\/jardinette.hu\/wp-content\/uploads\/2025\/11\/desszertlap_25_osz_en-768x1090.jpg 768w, https:\/\/jardinette.hu\/wp-content\/uploads\/2025\/11\/desszertlap_25_osz_en-1083x1536.jpg 1083w, https:\/\/jardinette.hu\/wp-content\/uploads\/2025\/11\/desszertlap_25_osz_en-1444x2048.jpg 1444w, https:\/\/jardinette.hu\/wp-content\/uploads\/2025\/11\/desszertlap_25_osz_en-1057x1500.jpg 1057w, https:\/\/jardinette.hu\/wp-content\/uploads\/2025\/11\/desszertlap_25_osz_en-497x705.jpg 497w, https:\/\/jardinette.hu\/wp-content\/uploads\/2025\/11\/desszertlap_25_osz_en-450x638.jpg 450w, https:\/\/jardinette.hu\/wp-content\/uploads\/2025\/11\/desszertlap_25_osz_en-1000x1419.jpg 1000w\" sizes=\"(max-width: 1748px) 100vw, 1748px\" \/> <img loading=\"lazy\" decoding=\"async\" class=\"alignnone wp-image-43308 size-full\" src=\"https:\/\/jardinette.hu\/wp-content\/uploads\/2025\/11\/desszertlap_25_osz_en2.jpg\" alt=\"\" width=\"1748\" height=\"2480\" srcset=\"https:\/\/jardinette.hu\/wp-content\/uploads\/2025\/11\/desszertlap_25_osz_en2.jpg 1748w, https:\/\/jardinette.hu\/wp-content\/uploads\/2025\/11\/desszertlap_25_osz_en2-211x300.jpg 211w, https:\/\/jardinette.hu\/wp-content\/uploads\/2025\/11\/desszertlap_25_osz_en2-726x1030.jpg 726w, https:\/\/jardinette.hu\/wp-content\/uploads\/2025\/11\/desszertlap_25_osz_en2-768x1090.jpg 768w, https:\/\/jardinette.hu\/wp-content\/uploads\/2025\/11\/desszertlap_25_osz_en2-1083x1536.jpg 1083w, https:\/\/jardinette.hu\/wp-content\/uploads\/2025\/11\/desszertlap_25_osz_en2-1444x2048.jpg 1444w, https:\/\/jardinette.hu\/wp-content\/uploads\/2025\/11\/desszertlap_25_osz_en2-1057x1500.jpg 1057w, https:\/\/jardinette.hu\/wp-content\/uploads\/2025\/11\/desszertlap_25_osz_en2-497x705.jpg 497w, https:\/\/jardinette.hu\/wp-content\/uploads\/2025\/11\/desszertlap_25_osz_en2-450x638.jpg 450w, https:\/\/jardinette.hu\/wp-content\/uploads\/2025\/11\/desszertlap_25_osz_en2-1000x1419.jpg 1000w\" sizes=\"(max-width: 1748px) 100vw, 1748px\" \/> <img loading=\"lazy\" decoding=\"async\" class=\"alignnone wp-image-43305 size-full\" src=\"https:\/\/jardinette.hu\/wp-content\/uploads\/2025\/11\/desszertlap_25_osz_en3.jpg\" alt=\"\" width=\"1748\" height=\"2480\" srcset=\"https:\/\/jardinette.hu\/wp-content\/uploads\/2025\/11\/desszertlap_25_osz_en3.jpg 1748w, https:\/\/jardinette.hu\/wp-content\/uploads\/2025\/11\/desszertlap_25_osz_en3-211x300.jpg 211w, https:\/\/jardinette.hu\/wp-content\/uploads\/2025\/11\/desszertlap_25_osz_en3-726x1030.jpg 726w, https:\/\/jardinette.hu\/wp-content\/uploads\/2025\/11\/desszertlap_25_osz_en3-768x1090.jpg 768w, https:\/\/jardinette.hu\/wp-content\/uploads\/2025\/11\/desszertlap_25_osz_en3-1083x1536.jpg 1083w, https:\/\/jardinette.hu\/wp-content\/uploads\/2025\/11\/desszertlap_25_osz_en3-1444x2048.jpg 1444w, https:\/\/jardinette.hu\/wp-content\/uploads\/2025\/11\/desszertlap_25_osz_en3-1057x1500.jpg 1057w, https:\/\/jardinette.hu\/wp-content\/uploads\/2025\/11\/desszertlap_25_osz_en3-497x705.jpg 497w, https:\/\/jardinette.hu\/wp-content\/uploads\/2025\/11\/desszertlap_25_osz_en3-450x638.jpg 450w, https:\/\/jardinette.hu\/wp-content\/uploads\/2025\/11\/desszertlap_25_osz_en3-1000x1419.jpg 1000w\" sizes=\"(max-width: 1748px) 100vw, 1748px\" \/>\u00a0<img loading=\"lazy\" decoding=\"async\" class=\"alignnone wp-image-43320 size-full\" src=\"https:\/\/jardinette.hu\/wp-content\/uploads\/2025\/11\/desszertlap_25_osz_en4.jpg\" alt=\"\" width=\"1748\" height=\"2480\" srcset=\"https:\/\/jardinette.hu\/wp-content\/uploads\/2025\/11\/desszertlap_25_osz_en4.jpg 1748w, https:\/\/jardinette.hu\/wp-content\/uploads\/2025\/11\/desszertlap_25_osz_en4-211x300.jpg 211w, https:\/\/jardinette.hu\/wp-content\/uploads\/2025\/11\/desszertlap_25_osz_en4-726x1030.jpg 726w, https:\/\/jardinette.hu\/wp-content\/uploads\/2025\/11\/desszertlap_25_osz_en4-768x1090.jpg 768w, https:\/\/jardinette.hu\/wp-content\/uploads\/2025\/11\/desszertlap_25_osz_en4-1083x1536.jpg 1083w, https:\/\/jardinette.hu\/wp-content\/uploads\/2025\/11\/desszertlap_25_osz_en4-1444x2048.jpg 1444w, https:\/\/jardinette.hu\/wp-content\/uploads\/2025\/11\/desszertlap_25_osz_en4-1057x1500.jpg 1057w, https:\/\/jardinette.hu\/wp-content\/uploads\/2025\/11\/desszertlap_25_osz_en4-497x705.jpg 497w, https:\/\/jardinette.hu\/wp-content\/uploads\/2025\/11\/desszertlap_25_osz_en4-450x638.jpg 450w, https:\/\/jardinette.hu\/wp-content\/uploads\/2025\/11\/desszertlap_25_osz_en4-1000x1419.jpg 1000w\" sizes=\"(max-width: 1748px) 100vw, 1748px\" \/> <img loading=\"lazy\" decoding=\"async\" class=\"alignnone wp-image-43324 size-full\" src=\"https:\/\/jardinette.hu\/wp-content\/uploads\/2025\/11\/borlap_25_osz-scaled.jpg\" alt=\"\" width=\"1440\" height=\"2560\" srcset=\"https:\/\/jardinette.hu\/wp-content\/uploads\/2025\/11\/borlap_25_osz-scaled.jpg 1440w, https:\/\/jardinette.hu\/wp-content\/uploads\/2025\/11\/borlap_25_osz-169x300.jpg 169w, https:\/\/jardinette.hu\/wp-content\/uploads\/2025\/11\/borlap_25_osz-579x1030.jpg 579w, https:\/\/jardinette.hu\/wp-content\/uploads\/2025\/11\/borlap_25_osz-768x1365.jpg 768w, https:\/\/jardinette.hu\/wp-content\/uploads\/2025\/11\/borlap_25_osz-864x1536.jpg 864w, https:\/\/jardinette.hu\/wp-content\/uploads\/2025\/11\/borlap_25_osz-1152x2048.jpg 1152w, https:\/\/jardinette.hu\/wp-content\/uploads\/2025\/11\/borlap_25_osz-844x1500.jpg 844w, https:\/\/jardinette.hu\/wp-content\/uploads\/2025\/11\/borlap_25_osz-397x705.jpg 397w, https:\/\/jardinette.hu\/wp-content\/uploads\/2025\/11\/borlap_25_osz-450x800.jpg 450w, https:\/\/jardinette.hu\/wp-content\/uploads\/2025\/11\/borlap_25_osz-1000x1778.jpg 1000w\" sizes=\"(max-width: 1440px) 100vw, 1440px\" \/> <img loading=\"lazy\" decoding=\"async\" class=\"alignnone wp-image-43322 size-full\" src=\"https:\/\/jardinette.hu\/wp-content\/uploads\/2025\/11\/borlap_25_osz2-scaled.jpg\" alt=\"\" width=\"1440\" height=\"2560\" srcset=\"https:\/\/jardinette.hu\/wp-content\/uploads\/2025\/11\/borlap_25_osz2-scaled.jpg 1440w, https:\/\/jardinette.hu\/wp-content\/uploads\/2025\/11\/borlap_25_osz2-169x300.jpg 169w, https:\/\/jardinette.hu\/wp-content\/uploads\/2025\/11\/borlap_25_osz2-579x1030.jpg 579w, https:\/\/jardinette.hu\/wp-content\/uploads\/2025\/11\/borlap_25_osz2-768x1365.jpg 768w, https:\/\/jardinette.hu\/wp-content\/uploads\/2025\/11\/borlap_25_osz2-864x1536.jpg 864w, https:\/\/jardinette.hu\/wp-content\/uploads\/2025\/11\/borlap_25_osz2-1152x2048.jpg 1152w, https:\/\/jardinette.hu\/wp-content\/uploads\/2025\/11\/borlap_25_osz2-844x1500.jpg 844w, https:\/\/jardinette.hu\/wp-content\/uploads\/2025\/11\/borlap_25_osz2-397x705.jpg 397w, https:\/\/jardinette.hu\/wp-content\/uploads\/2025\/11\/borlap_25_osz2-450x800.jpg 450w, https:\/\/jardinette.hu\/wp-content\/uploads\/2025\/11\/borlap_25_osz2-1000x1778.jpg 1000w\" sizes=\"(max-width: 1440px) 100vw, 1440px\" \/> <img loading=\"lazy\" decoding=\"async\" class=\"alignnone wp-image-43326 size-full\" src=\"https:\/\/jardinette.hu\/wp-content\/uploads\/2025\/11\/koktellap_25_osz2-scaled.jpg\" alt=\"\" width=\"1440\" height=\"2560\" srcset=\"https:\/\/jardinette.hu\/wp-content\/uploads\/2025\/11\/koktellap_25_osz2-scaled.jpg 1440w, https:\/\/jardinette.hu\/wp-content\/uploads\/2025\/11\/koktellap_25_osz2-169x300.jpg 169w, https:\/\/jardinette.hu\/wp-content\/uploads\/2025\/11\/koktellap_25_osz2-579x1030.jpg 579w, https:\/\/jardinette.hu\/wp-content\/uploads\/2025\/11\/koktellap_25_osz2-768x1365.jpg 768w, https:\/\/jardinette.hu\/wp-content\/uploads\/2025\/11\/koktellap_25_osz2-864x1536.jpg 864w, https:\/\/jardinette.hu\/wp-content\/uploads\/2025\/11\/koktellap_25_osz2-1152x2048.jpg 1152w, https:\/\/jardinette.hu\/wp-content\/uploads\/2025\/11\/koktellap_25_osz2-844x1500.jpg 844w, https:\/\/jardinette.hu\/wp-content\/uploads\/2025\/11\/koktellap_25_osz2-397x705.jpg 397w, https:\/\/jardinette.hu\/wp-content\/uploads\/2025\/11\/koktellap_25_osz2-450x800.jpg 450w, https:\/\/jardinette.hu\/wp-content\/uploads\/2025\/11\/koktellap_25_osz2-1000x1778.jpg 1000w\" sizes=\"(max-width: 1440px) 100vw, 1440px\" \/><\/p>\t\t\t\t\t\t\t\t<\/div>\n\t\t\t\t<\/div>\n\t\t\t\t\t<\/div>\n\t\t<\/div>\n\t\t\t\t\t<\/div>\n\t\t<\/section>\n\t\t\t\t<\/div>\n\t\t","protected":false},"excerpt":{"rendered":"<p>\u00a0<\/p>\n","protected":false},"author":1,"featured_media":0,"parent":0,"menu_order":0,"comment_status":"closed","ping_status":"closed","template":"","meta":{"footnotes":""},"class_list":["post-34459","page","type-page","status-publish","hentry"],"yoast_head":"<!-- This site is optimized with the Yoast SEO plugin v27.4 - https:\/\/yoast.com\/product\/yoast-seo-wordpress\/ -->\n<title>Menu - Jardinette Kertvend\u00e9gl\u0151<\/title>\n<meta name=\"robots\" content=\"index, follow, max-snippet:-1, max-image-preview:large, max-video-preview:-1\" \/>\n<link rel=\"canonical\" href=\"https:\/\/jardinette.hu\/en\/menu\/\" \/>\n<meta property=\"og:locale\" content=\"en_US\" \/>\n<meta property=\"og:type\" content=\"article\" \/>\n<meta property=\"og:title\" content=\"Menu - Jardinette Kertvend\u00e9gl\u0151\" \/>\n<meta property=\"og:description\" content=\"\u00a0\" \/>\n<meta property=\"og:url\" content=\"https:\/\/jardinette.hu\/en\/menu\/\" \/>\n<meta property=\"og:site_name\" content=\"Jardinette Kertvend\u00e9gl\u0151\" \/>\n<meta property=\"article:modified_time\" content=\"2025-11-04T12:54:50+00:00\" \/>\n<meta property=\"og:image\" content=\"https:\/\/jardinette.hu\/wp-content\/uploads\/2025\/11\/etlap_25_osz_en-scaled.jpg\" \/>\n<meta name=\"twitter:card\" content=\"summary_large_image\" \/>\n<meta name=\"twitter:label1\" content=\"Est. reading time\" \/>\n\t<meta name=\"twitter:data1\" content=\"2 minutes\" \/>\n<script type=\"application\/ld+json\" class=\"yoast-schema-graph\">{\"@context\":\"https:\\\/\\\/schema.org\",\"@graph\":[{\"@type\":\"WebPage\",\"@id\":\"https:\\\/\\\/jardinette.hu\\\/en\\\/menu\\\/\",\"url\":\"https:\\\/\\\/jardinette.hu\\\/en\\\/menu\\\/\",\"name\":\"Menu - Jardinette Kertvend\u00e9gl\u0151\",\"isPartOf\":{\"@id\":\"https:\\\/\\\/jardinette.hu\\\/#website\"},\"primaryImageOfPage\":{\"@id\":\"https:\\\/\\\/jardinette.hu\\\/en\\\/menu\\\/#primaryimage\"},\"image\":{\"@id\":\"https:\\\/\\\/jardinette.hu\\\/en\\\/menu\\\/#primaryimage\"},\"thumbnailUrl\":\"https:\\\/\\\/jardinette.hu\\\/wp-content\\\/uploads\\\/2025\\\/11\\\/etlap_25_osz_en-scaled.jpg\",\"datePublished\":\"2022-03-13T15:36:35+00:00\",\"dateModified\":\"2025-11-04T12:54:50+00:00\",\"breadcrumb\":{\"@id\":\"https:\\\/\\\/jardinette.hu\\\/en\\\/menu\\\/#breadcrumb\"},\"inLanguage\":\"en-US\",\"potentialAction\":[{\"@type\":\"ReadAction\",\"target\":[\"https:\\\/\\\/jardinette.hu\\\/en\\\/menu\\\/\"]}]},{\"@type\":\"ImageObject\",\"inLanguage\":\"en-US\",\"@id\":\"https:\\\/\\\/jardinette.hu\\\/en\\\/menu\\\/#primaryimage\",\"url\":\"https:\\\/\\\/jardinette.hu\\\/wp-content\\\/uploads\\\/2025\\\/11\\\/etlap_25_osz_en-scaled.jpg\",\"contentUrl\":\"https:\\\/\\\/jardinette.hu\\\/wp-content\\\/uploads\\\/2025\\\/11\\\/etlap_25_osz_en-scaled.jpg\"},{\"@type\":\"BreadcrumbList\",\"@id\":\"https:\\\/\\\/jardinette.hu\\\/en\\\/menu\\\/#breadcrumb\",\"itemListElement\":[{\"@type\":\"ListItem\",\"position\":1,\"name\":\"Home\",\"item\":\"https:\\\/\\\/jardinette.hu\\\/\"},{\"@type\":\"ListItem\",\"position\":2,\"name\":\"Menu\"}]},{\"@type\":\"WebSite\",\"@id\":\"https:\\\/\\\/jardinette.hu\\\/#website\",\"url\":\"https:\\\/\\\/jardinette.hu\\\/\",\"name\":\"Jardinette Kertvend\u00e9gl\u0151\",\"description\":\"Buda egyik leghangulatosabb \u00e9tterme\",\"potentialAction\":[{\"@type\":\"SearchAction\",\"target\":{\"@type\":\"EntryPoint\",\"urlTemplate\":\"https:\\\/\\\/jardinette.hu\\\/?s={search_term_string}\"},\"query-input\":{\"@type\":\"PropertyValueSpecification\",\"valueRequired\":true,\"valueName\":\"search_term_string\"}}],\"inLanguage\":\"en-US\"}]}<\/script>\n<!-- \/ Yoast SEO plugin. -->","yoast_head_json":{"title":"Menu - Jardinette Kertvend\u00e9gl\u0151","robots":{"index":"index","follow":"follow","max-snippet":"max-snippet:-1","max-image-preview":"max-image-preview:large","max-video-preview":"max-video-preview:-1"},"canonical":"https:\/\/jardinette.hu\/en\/menu\/","og_locale":"en_US","og_type":"article","og_title":"Menu - Jardinette Kertvend\u00e9gl\u0151","og_description":"\u00a0","og_url":"https:\/\/jardinette.hu\/en\/menu\/","og_site_name":"Jardinette Kertvend\u00e9gl\u0151","article_modified_time":"2025-11-04T12:54:50+00:00","og_image":[{"url":"https:\/\/jardinette.hu\/wp-content\/uploads\/2025\/11\/etlap_25_osz_en-scaled.jpg","type":"","width":"","height":""}],"twitter_card":"summary_large_image","twitter_misc":{"Est. reading time":"2 minutes"},"schema":{"@context":"https:\/\/schema.org","@graph":[{"@type":"WebPage","@id":"https:\/\/jardinette.hu\/en\/menu\/","url":"https:\/\/jardinette.hu\/en\/menu\/","name":"Menu - Jardinette Kertvend\u00e9gl\u0151","isPartOf":{"@id":"https:\/\/jardinette.hu\/#website"},"primaryImageOfPage":{"@id":"https:\/\/jardinette.hu\/en\/menu\/#primaryimage"},"image":{"@id":"https:\/\/jardinette.hu\/en\/menu\/#primaryimage"},"thumbnailUrl":"https:\/\/jardinette.hu\/wp-content\/uploads\/2025\/11\/etlap_25_osz_en-scaled.jpg","datePublished":"2022-03-13T15:36:35+00:00","dateModified":"2025-11-04T12:54:50+00:00","breadcrumb":{"@id":"https:\/\/jardinette.hu\/en\/menu\/#breadcrumb"},"inLanguage":"en-US","potentialAction":[{"@type":"ReadAction","target":["https:\/\/jardinette.hu\/en\/menu\/"]}]},{"@type":"ImageObject","inLanguage":"en-US","@id":"https:\/\/jardinette.hu\/en\/menu\/#primaryimage","url":"https:\/\/jardinette.hu\/wp-content\/uploads\/2025\/11\/etlap_25_osz_en-scaled.jpg","contentUrl":"https:\/\/jardinette.hu\/wp-content\/uploads\/2025\/11\/etlap_25_osz_en-scaled.jpg"},{"@type":"BreadcrumbList","@id":"https:\/\/jardinette.hu\/en\/menu\/#breadcrumb","itemListElement":[{"@type":"ListItem","position":1,"name":"Home","item":"https:\/\/jardinette.hu\/"},{"@type":"ListItem","position":2,"name":"Menu"}]},{"@type":"WebSite","@id":"https:\/\/jardinette.hu\/#website","url":"https:\/\/jardinette.hu\/","name":"Jardinette Kertvend\u00e9gl\u0151","description":"Buda egyik leghangulatosabb \u00e9tterme","potentialAction":[{"@type":"SearchAction","target":{"@type":"EntryPoint","urlTemplate":"https:\/\/jardinette.hu\/?s={search_term_string}"},"query-input":{"@type":"PropertyValueSpecification","valueRequired":true,"valueName":"search_term_string"}}],"inLanguage":"en-US"}]}},"_links":{"self":[{"href":"https:\/\/jardinette.hu\/en\/wp-json\/wp\/v2\/pages\/34459","targetHints":{"allow":["GET"]}}],"collection":[{"href":"https:\/\/jardinette.hu\/en\/wp-json\/wp\/v2\/pages"}],"about":[{"href":"https:\/\/jardinette.hu\/en\/wp-json\/wp\/v2\/types\/page"}],"author":[{"embeddable":true,"href":"https:\/\/jardinette.hu\/en\/wp-json\/wp\/v2\/users\/1"}],"replies":[{"embeddable":true,"href":"https:\/\/jardinette.hu\/en\/wp-json\/wp\/v2\/comments?post=34459"}],"version-history":[{"count":20,"href":"https:\/\/jardinette.hu\/en\/wp-json\/wp\/v2\/pages\/34459\/revisions"}],"predecessor-version":[{"id":43330,"href":"https:\/\/jardinette.hu\/en\/wp-json\/wp\/v2\/pages\/34459\/revisions\/43330"}],"wp:attachment":[{"href":"https:\/\/jardinette.hu\/en\/wp-json\/wp\/v2\/media?parent=34459"}],"curies":[{"name":"wp","href":"https:\/\/api.w.org\/{rel}","templated":true}]}}