{"id":34496,"date":"2022-03-13T15:58:36","date_gmt":"2022-03-13T15:58:36","guid":{"rendered":"https:\/\/jardinette.hu\/?page_id=34496"},"modified":"2023-06-02T17:18:21","modified_gmt":"2023-06-02T17:18:21","slug":"dessert","status":"publish","type":"page","link":"https:\/\/jardinette.hu\/en\/dessert\/","title":{"rendered":"Desserts"},"content":{"rendered":"\n<style type=\"text\/css\" data-created_by=\"avia_inline_auto\" id=\"style-css-av-av_heading-e4122ddf3a9c916a7ad1bc0712b0601c\">\n#top .av-special-heading.av-av_heading-e4122ddf3a9c916a7ad1bc0712b0601c{\npadding-bottom:10px;\nfont-size:47px;\n}\nbody .av-special-heading.av-av_heading-e4122ddf3a9c916a7ad1bc0712b0601c .av-special-heading-tag .heading-char{\nfont-size:25px;\n}\n#top #wrap_all .av-special-heading.av-av_heading-e4122ddf3a9c916a7ad1bc0712b0601c .av-special-heading-tag{\nfont-size:47px;\n}\n.av-special-heading.av-av_heading-e4122ddf3a9c916a7ad1bc0712b0601c .av-subheading{\nfont-size:40px;\n}\n\n@media only screen and (min-width: 480px) and (max-width: 767px){ \n#top #wrap_all .av-special-heading.av-av_heading-e4122ddf3a9c916a7ad1bc0712b0601c .av-special-heading-tag{\nfont-size:0.8em;\n}\n}\n\n@media only screen and (max-width: 479px){ \n#top #wrap_all .av-special-heading.av-av_heading-e4122ddf3a9c916a7ad1bc0712b0601c .av-special-heading-tag{\nfont-size:0.8em;\n}\n}\n<\/style>\n<div  class='av-special-heading av-av_heading-e4122ddf3a9c916a7ad1bc0712b0601c av-special-heading-h1 blockquote modern-quote modern-centered  avia-builder-el-0  el_before_av_content_slider  avia-builder-el-first  elegans-fejlec av-inherit-size'><div class='av-subheading av-subheading_above'><p>Jardinette<\/p>\n<\/div><h1 class='av-special-heading-tag'  itemprop=\"headline\"  >Desserts<\/h1><div class=\"special-heading-border\"><div class=\"special-heading-inner-border\"><\/div><\/div><\/div>\n<div  class='avia-content-slider-element-container av-l0pg9q3t-54e15fdc99e2574d84452a747096a49b avia-content-slider-element-slider avia-content-slider avia-smallarrow-slider avia-content-slider-active avia-content-slider-even  avia-builder-el-1  el_after_av_heading  avia-builder-el-last  av-slideshow-ui av-control-default av-nav-arrows-visible av-nav-dots-visible av-no-slider-navigation av-slideshow-autoplay av-loop-endless av-loop-manual-endless avia-content-slider1' data-slideshow-options=\"{&quot;animation&quot;:&quot;slide&quot;,&quot;autoplay&quot;:true,&quot;loop_autoplay&quot;:&quot;endless&quot;,&quot;interval&quot;:7,&quot;loop_manual&quot;:&quot;manual-endless&quot;,&quot;autoplay_stopper&quot;:false,&quot;noNavigation&quot;:false,&quot;bg_slider&quot;:false,&quot;keep_padding&quot;:&quot;&quot;,&quot;hoverpause&quot;:false,&quot;show_slide_delay&quot;:30}\"><div class='avia-smallarrow-slider-heading  no-content-slider-heading '><div class='new-special-heading'>&nbsp;<\/div><div class='avia-slideshow-arrows avia-slideshow-controls' ><a href='#prev' class='prev-slide ' aria-hidden='true' data-av_icon='\ue87c' data-av_iconfont='entypo-fontello'  tabindex='-1'>Previous<\/a><a href='#next' class='next-slide ' aria-hidden='true' data-av_icon='\ue87d' data-av_iconfont='entypo-fontello'  tabindex='-1'>Next<\/a><\/div><\/div><div class=\"avia-content-slider-inner\"><div class=\"slide-entry-wrap\"><section class='slide-entry av-av_content_slide-8294bdf25e7f9069ea0c0451ce49aab9 flex_column av_one_half post-entry slide-entry-overview slide-loop-1 slide-parity-odd  first'  itemscope=\"itemscope\" itemtype=\"https:\/\/schema.org\/CreativeWork\" ><div class='slide-entry-excerpt entry-content'  itemprop=\"text\" ><p><img fetchpriority=\"high\" decoding=\"async\" class=\"alignright size-full wp-image-36750\" src=\"https:\/\/jardinette.hu\/wp-content\/uploads\/2023\/06\/desszertlap_23_maj_eng2-1.jpg\" alt=\"\" width=\"1165\" height=\"1654\" srcset=\"https:\/\/jardinette.hu\/wp-content\/uploads\/2023\/06\/desszertlap_23_maj_eng2-1.jpg 1165w, https:\/\/jardinette.hu\/wp-content\/uploads\/2023\/06\/desszertlap_23_maj_eng2-1-211x300.jpg 211w, https:\/\/jardinette.hu\/wp-content\/uploads\/2023\/06\/desszertlap_23_maj_eng2-1-725x1030.jpg 725w, https:\/\/jardinette.hu\/wp-content\/uploads\/2023\/06\/desszertlap_23_maj_eng2-1-768x1090.jpg 768w, https:\/\/jardinette.hu\/wp-content\/uploads\/2023\/06\/desszertlap_23_maj_eng2-1-1082x1536.jpg 1082w, https:\/\/jardinette.hu\/wp-content\/uploads\/2023\/06\/desszertlap_23_maj_eng2-1-1057x1500.jpg 1057w, https:\/\/jardinette.hu\/wp-content\/uploads\/2023\/06\/desszertlap_23_maj_eng2-1-497x705.jpg 497w, https:\/\/jardinette.hu\/wp-content\/uploads\/2023\/06\/desszertlap_23_maj_eng2-1-450x639.jpg 450w, https:\/\/jardinette.hu\/wp-content\/uploads\/2023\/06\/desszertlap_23_maj_eng2-1-1000x1420.jpg 1000w\" sizes=\"(max-width: 1165px) 100vw, 1165px\" \/><\/p>\n<\/div><\/section><section class='slide-entry av-av_content_slide-8294bdf25e7f9069ea0c0451ce49aab9 flex_column av_one_half post-entry slide-entry-overview slide-loop-2 slide-parity-even  '  itemscope=\"itemscope\" itemtype=\"https:\/\/schema.org\/CreativeWork\" ><div class='slide-entry-excerpt entry-content'  itemprop=\"text\" ><p><img decoding=\"async\" class=\"alignright size-full wp-image-36752\" src=\"https:\/\/jardinette.hu\/wp-content\/uploads\/2023\/06\/desszertlap_23_maj_eng3-1.jpg\" alt=\"\" width=\"1165\" height=\"1654\" srcset=\"https:\/\/jardinette.hu\/wp-content\/uploads\/2023\/06\/desszertlap_23_maj_eng3-1.jpg 1165w, https:\/\/jardinette.hu\/wp-content\/uploads\/2023\/06\/desszertlap_23_maj_eng3-1-211x300.jpg 211w, https:\/\/jardinette.hu\/wp-content\/uploads\/2023\/06\/desszertlap_23_maj_eng3-1-725x1030.jpg 725w, https:\/\/jardinette.hu\/wp-content\/uploads\/2023\/06\/desszertlap_23_maj_eng3-1-768x1090.jpg 768w, https:\/\/jardinette.hu\/wp-content\/uploads\/2023\/06\/desszertlap_23_maj_eng3-1-1082x1536.jpg 1082w, https:\/\/jardinette.hu\/wp-content\/uploads\/2023\/06\/desszertlap_23_maj_eng3-1-1057x1500.jpg 1057w, https:\/\/jardinette.hu\/wp-content\/uploads\/2023\/06\/desszertlap_23_maj_eng3-1-497x705.jpg 497w, https:\/\/jardinette.hu\/wp-content\/uploads\/2023\/06\/desszertlap_23_maj_eng3-1-450x639.jpg 450w, https:\/\/jardinette.hu\/wp-content\/uploads\/2023\/06\/desszertlap_23_maj_eng3-1-1000x1420.jpg 1000w\" sizes=\"(max-width: 1165px) 100vw, 1165px\" \/><\/p>\n<\/div><\/section><\/div><div class=\"slide-entry-wrap\"><section class='slide-entry av-av_content_slide-8294bdf25e7f9069ea0c0451ce49aab9 flex_column av_one_half post-entry slide-entry-overview slide-loop-3 slide-parity-odd  post-entry-last  first'  itemscope=\"itemscope\" itemtype=\"https:\/\/schema.org\/CreativeWork\" ><\/section><\/div><\/div><\/div>\n","protected":false},"excerpt":{"rendered":"","protected":false},"author":1,"featured_media":0,"parent":0,"menu_order":0,"comment_status":"closed","ping_status":"closed","template":"","meta":{"footnotes":""},"class_list":["post-34496","page","type-page","status-publish","hentry"],"yoast_head":"<!-- This site is optimized with the Yoast SEO plugin v27.4 - https:\/\/yoast.com\/product\/yoast-seo-wordpress\/ -->\n<title>Desserts - Jardinette Kertvend\u00e9gl\u0151<\/title>\n<meta name=\"robots\" content=\"index, follow, max-snippet:-1, max-image-preview:large, max-video-preview:-1\" \/>\n<link rel=\"canonical\" href=\"https:\/\/jardinette.hu\/en\/dessert\/\" \/>\n<meta property=\"og:locale\" content=\"en_US\" \/>\n<meta property=\"og:type\" content=\"article\" \/>\n<meta property=\"og:title\" content=\"Desserts - Jardinette Kertvend\u00e9gl\u0151\" \/>\n<meta property=\"og:url\" content=\"https:\/\/jardinette.hu\/en\/dessert\/\" \/>\n<meta property=\"og:site_name\" content=\"Jardinette Kertvend\u00e9gl\u0151\" \/>\n<meta property=\"article:modified_time\" content=\"2023-06-02T17:18:21+00:00\" \/>\n<meta property=\"og:image\" content=\"https:\/\/jardinette.hu\/wp-content\/uploads\/2023\/06\/desszertlap_23_maj_eng2-1.jpg\" \/>\n<meta name=\"twitter:card\" content=\"summary_large_image\" \/>\n<meta name=\"twitter:label1\" content=\"Est. reading time\" \/>\n\t<meta name=\"twitter:data1\" content=\"1 minute\" \/>\n<script type=\"application\/ld+json\" class=\"yoast-schema-graph\">{\"@context\":\"https:\\\/\\\/schema.org\",\"@graph\":[{\"@type\":\"WebPage\",\"@id\":\"https:\\\/\\\/jardinette.hu\\\/en\\\/dessert\\\/\",\"url\":\"https:\\\/\\\/jardinette.hu\\\/en\\\/dessert\\\/\",\"name\":\"Desserts - Jardinette Kertvend\u00e9gl\u0151\",\"isPartOf\":{\"@id\":\"https:\\\/\\\/jardinette.hu\\\/#website\"},\"primaryImageOfPage\":{\"@id\":\"https:\\\/\\\/jardinette.hu\\\/en\\\/dessert\\\/#primaryimage\"},\"image\":{\"@id\":\"https:\\\/\\\/jardinette.hu\\\/en\\\/dessert\\\/#primaryimage\"},\"thumbnailUrl\":\"https:\\\/\\\/jardinette.hu\\\/wp-content\\\/uploads\\\/2023\\\/06\\\/desszertlap_23_maj_eng2-1.jpg\",\"datePublished\":\"2022-03-13T15:58:36+00:00\",\"dateModified\":\"2023-06-02T17:18:21+00:00\",\"breadcrumb\":{\"@id\":\"https:\\\/\\\/jardinette.hu\\\/en\\\/dessert\\\/#breadcrumb\"},\"inLanguage\":\"en-US\",\"potentialAction\":[{\"@type\":\"ReadAction\",\"target\":[\"https:\\\/\\\/jardinette.hu\\\/en\\\/dessert\\\/\"]}]},{\"@type\":\"ImageObject\",\"inLanguage\":\"en-US\",\"@id\":\"https:\\\/\\\/jardinette.hu\\\/en\\\/dessert\\\/#primaryimage\",\"url\":\"https:\\\/\\\/jardinette.hu\\\/wp-content\\\/uploads\\\/2023\\\/06\\\/desszertlap_23_maj_eng2-1.jpg\",\"contentUrl\":\"https:\\\/\\\/jardinette.hu\\\/wp-content\\\/uploads\\\/2023\\\/06\\\/desszertlap_23_maj_eng2-1.jpg\"},{\"@type\":\"BreadcrumbList\",\"@id\":\"https:\\\/\\\/jardinette.hu\\\/en\\\/dessert\\\/#breadcrumb\",\"itemListElement\":[{\"@type\":\"ListItem\",\"position\":1,\"name\":\"Home\",\"item\":\"https:\\\/\\\/jardinette.hu\\\/en\\\/\"},{\"@type\":\"ListItem\",\"position\":2,\"name\":\"Desserts\"}]},{\"@type\":\"WebSite\",\"@id\":\"https:\\\/\\\/jardinette.hu\\\/#website\",\"url\":\"https:\\\/\\\/jardinette.hu\\\/\",\"name\":\"Jardinette Kertvend\u00e9gl\u0151\",\"description\":\"Buda egyik leghangulatosabb \u00e9tterme\",\"potentialAction\":[{\"@type\":\"SearchAction\",\"target\":{\"@type\":\"EntryPoint\",\"urlTemplate\":\"https:\\\/\\\/jardinette.hu\\\/?s={search_term_string}\"},\"query-input\":{\"@type\":\"PropertyValueSpecification\",\"valueRequired\":true,\"valueName\":\"search_term_string\"}}],\"inLanguage\":\"en-US\"}]}<\/script>\n<!-- \/ Yoast SEO plugin. -->","yoast_head_json":{"title":"Desserts - Jardinette Kertvend\u00e9gl\u0151","robots":{"index":"index","follow":"follow","max-snippet":"max-snippet:-1","max-image-preview":"max-image-preview:large","max-video-preview":"max-video-preview:-1"},"canonical":"https:\/\/jardinette.hu\/en\/dessert\/","og_locale":"en_US","og_type":"article","og_title":"Desserts - Jardinette Kertvend\u00e9gl\u0151","og_url":"https:\/\/jardinette.hu\/en\/dessert\/","og_site_name":"Jardinette Kertvend\u00e9gl\u0151","article_modified_time":"2023-06-02T17:18:21+00:00","og_image":[{"url":"https:\/\/jardinette.hu\/wp-content\/uploads\/2023\/06\/desszertlap_23_maj_eng2-1.jpg","type":"","width":"","height":""}],"twitter_card":"summary_large_image","twitter_misc":{"Est. reading time":"1 minute"},"schema":{"@context":"https:\/\/schema.org","@graph":[{"@type":"WebPage","@id":"https:\/\/jardinette.hu\/en\/dessert\/","url":"https:\/\/jardinette.hu\/en\/dessert\/","name":"Desserts - Jardinette Kertvend\u00e9gl\u0151","isPartOf":{"@id":"https:\/\/jardinette.hu\/#website"},"primaryImageOfPage":{"@id":"https:\/\/jardinette.hu\/en\/dessert\/#primaryimage"},"image":{"@id":"https:\/\/jardinette.hu\/en\/dessert\/#primaryimage"},"thumbnailUrl":"https:\/\/jardinette.hu\/wp-content\/uploads\/2023\/06\/desszertlap_23_maj_eng2-1.jpg","datePublished":"2022-03-13T15:58:36+00:00","dateModified":"2023-06-02T17:18:21+00:00","breadcrumb":{"@id":"https:\/\/jardinette.hu\/en\/dessert\/#breadcrumb"},"inLanguage":"en-US","potentialAction":[{"@type":"ReadAction","target":["https:\/\/jardinette.hu\/en\/dessert\/"]}]},{"@type":"ImageObject","inLanguage":"en-US","@id":"https:\/\/jardinette.hu\/en\/dessert\/#primaryimage","url":"https:\/\/jardinette.hu\/wp-content\/uploads\/2023\/06\/desszertlap_23_maj_eng2-1.jpg","contentUrl":"https:\/\/jardinette.hu\/wp-content\/uploads\/2023\/06\/desszertlap_23_maj_eng2-1.jpg"},{"@type":"BreadcrumbList","@id":"https:\/\/jardinette.hu\/en\/dessert\/#breadcrumb","itemListElement":[{"@type":"ListItem","position":1,"name":"Home","item":"https:\/\/jardinette.hu\/en\/"},{"@type":"ListItem","position":2,"name":"Desserts"}]},{"@type":"WebSite","@id":"https:\/\/jardinette.hu\/#website","url":"https:\/\/jardinette.hu\/","name":"Jardinette Kertvend\u00e9gl\u0151","description":"Buda egyik leghangulatosabb \u00e9tterme","potentialAction":[{"@type":"SearchAction","target":{"@type":"EntryPoint","urlTemplate":"https:\/\/jardinette.hu\/?s={search_term_string}"},"query-input":{"@type":"PropertyValueSpecification","valueRequired":true,"valueName":"search_term_string"}}],"inLanguage":"en-US"}]}},"_links":{"self":[{"href":"https:\/\/jardinette.hu\/en\/wp-json\/wp\/v2\/pages\/34496","targetHints":{"allow":["GET"]}}],"collection":[{"href":"https:\/\/jardinette.hu\/en\/wp-json\/wp\/v2\/pages"}],"about":[{"href":"https:\/\/jardinette.hu\/en\/wp-json\/wp\/v2\/types\/page"}],"author":[{"embeddable":true,"href":"https:\/\/jardinette.hu\/en\/wp-json\/wp\/v2\/users\/1"}],"replies":[{"embeddable":true,"href":"https:\/\/jardinette.hu\/en\/wp-json\/wp\/v2\/comments?post=34496"}],"version-history":[{"count":0,"href":"https:\/\/jardinette.hu\/en\/wp-json\/wp\/v2\/pages\/34496\/revisions"}],"wp:attachment":[{"href":"https:\/\/jardinette.hu\/en\/wp-json\/wp\/v2\/media?parent=34496"}],"curies":[{"name":"wp","href":"https:\/\/api.w.org\/{rel}","templated":true}]}}