{"id":36757,"date":"2023-06-02T17:20:20","date_gmt":"2023-06-02T17:20:20","guid":{"rendered":"https:\/\/jardinette.hu\/?page_id=36757"},"modified":"2026-03-10T10:48:10","modified_gmt":"2026-03-10T09:48:10","slug":"gin-bar","status":"publish","type":"page","link":"https:\/\/jardinette.hu\/en\/gin-bar\/","title":{"rendered":"Gin Bar"},"content":{"rendered":"\n<style type=\"text\/css\" data-created_by=\"avia_inline_auto\" id=\"style-css-av-lietyihu-2673826093504813d25bc9ce05ac82b3\">\n#top .av-special-heading.av-lietyihu-2673826093504813d25bc9ce05ac82b3{\npadding-bottom:10px;\nfont-size:47px;\n}\nbody .av-special-heading.av-lietyihu-2673826093504813d25bc9ce05ac82b3 .av-special-heading-tag .heading-char{\nfont-size:25px;\n}\n#top #wrap_all .av-special-heading.av-lietyihu-2673826093504813d25bc9ce05ac82b3 .av-special-heading-tag{\nfont-size:47px;\n}\n.av-special-heading.av-lietyihu-2673826093504813d25bc9ce05ac82b3 .av-subheading{\nfont-size:40px;\n}\n\n@media only screen and (min-width: 480px) and (max-width: 767px){ \n#top #wrap_all .av-special-heading.av-lietyihu-2673826093504813d25bc9ce05ac82b3 .av-special-heading-tag{\nfont-size:0.8em;\n}\n}\n\n@media only screen and (max-width: 479px){ \n#top #wrap_all .av-special-heading.av-lietyihu-2673826093504813d25bc9ce05ac82b3 .av-special-heading-tag{\nfont-size:0.8em;\n}\n}\n<\/style>\n<div  class='av-special-heading av-lietyihu-2673826093504813d25bc9ce05ac82b3 av-special-heading-h1 blockquote modern-quote modern-centered  avia-builder-el-0  el_before_av_content_slider  avia-builder-el-first  elegans-fejlec av-inherit-size'><div class='av-subheading av-subheading_above'><p>Jardinette<\/p>\n<\/div><h1 class='av-special-heading-tag'  itemprop=\"headline\"  >Gin-Bar<\/h1><div class=\"special-heading-border\"><div class=\"special-heading-inner-border\"><\/div><\/div><\/div>\n<div  class='avia-content-slider-element-container av-l0pg9q3t-ad05b46ee1cf0d6fd8fc72423cdb3a19 avia-content-slider-element-slider avia-content-slider avia-smallarrow-slider avia-content-slider-active avia-content-slider-even  avia-builder-el-1  el_after_av_heading  avia-builder-el-last  av-slideshow-ui av-control-default av-nav-arrows-visible av-nav-dots-visible av-no-slider-navigation av-slideshow-autoplay av-loop-endless av-loop-manual-endless avia-content-slider1' data-slideshow-options=\"{&quot;animation&quot;:&quot;slide&quot;,&quot;autoplay&quot;:true,&quot;loop_autoplay&quot;:&quot;endless&quot;,&quot;interval&quot;:7,&quot;loop_manual&quot;:&quot;manual-endless&quot;,&quot;autoplay_stopper&quot;:false,&quot;noNavigation&quot;:false,&quot;bg_slider&quot;:false,&quot;keep_padding&quot;:&quot;&quot;,&quot;hoverpause&quot;:false,&quot;show_slide_delay&quot;:30}\"><div class='avia-smallarrow-slider-heading  no-content-slider-heading '><div class='new-special-heading'>&nbsp;<\/div><\/div><div class=\"avia-content-slider-inner\"><div class=\"slide-entry-wrap\"><section class='slide-entry av-vl2fh1-021b3356580bda8fd085e0cb5d60af6b flex_column av_one_half post-entry slide-entry-overview slide-loop-1 slide-parity-odd  post-entry-last  first'  itemscope=\"itemscope\" itemtype=\"https:\/\/schema.org\/CreativeWork\" ><div class='slide-entry-excerpt entry-content'  itemprop=\"text\" ><p><img fetchpriority=\"high\" decoding=\"async\" class=\"aligncenter wp-image-43326 size-full\" src=\"https:\/\/jardinette.hu\/wp-content\/uploads\/2025\/11\/koktellap_25_osz2-scaled.jpg\" alt=\"\" width=\"1440\" height=\"2560\" srcset=\"https:\/\/jardinette.hu\/wp-content\/uploads\/2025\/11\/koktellap_25_osz2-scaled.jpg 1440w, https:\/\/jardinette.hu\/wp-content\/uploads\/2025\/11\/koktellap_25_osz2-169x300.jpg 169w, https:\/\/jardinette.hu\/wp-content\/uploads\/2025\/11\/koktellap_25_osz2-579x1030.jpg 579w, https:\/\/jardinette.hu\/wp-content\/uploads\/2025\/11\/koktellap_25_osz2-768x1365.jpg 768w, https:\/\/jardinette.hu\/wp-content\/uploads\/2025\/11\/koktellap_25_osz2-864x1536.jpg 864w, https:\/\/jardinette.hu\/wp-content\/uploads\/2025\/11\/koktellap_25_osz2-1152x2048.jpg 1152w, https:\/\/jardinette.hu\/wp-content\/uploads\/2025\/11\/koktellap_25_osz2-844x1500.jpg 844w, https:\/\/jardinette.hu\/wp-content\/uploads\/2025\/11\/koktellap_25_osz2-397x705.jpg 397w, https:\/\/jardinette.hu\/wp-content\/uploads\/2025\/11\/koktellap_25_osz2-450x800.jpg 450w, https:\/\/jardinette.hu\/wp-content\/uploads\/2025\/11\/koktellap_25_osz2-1000x1778.jpg 1000w\" sizes=\"(max-width: 1440px) 100vw, 1440px\" \/><\/p>\n<\/div><\/section><\/div><\/div><\/div>\n","protected":false},"excerpt":{"rendered":"","protected":false},"author":262,"featured_media":0,"parent":0,"menu_order":0,"comment_status":"closed","ping_status":"closed","template":"","meta":{"footnotes":""},"class_list":["post-36757","page","type-page","status-publish","hentry"],"yoast_head":"<!-- This site is optimized with the Yoast SEO plugin v27.4 - https:\/\/yoast.com\/product\/yoast-seo-wordpress\/ -->\n<title>Gin Bar - Jardinette Kertvend\u00e9gl\u0151<\/title>\n<meta name=\"robots\" content=\"index, follow, max-snippet:-1, max-image-preview:large, max-video-preview:-1\" \/>\n<link rel=\"canonical\" href=\"https:\/\/jardinette.hu\/en\/gin-bar\/\" \/>\n<meta property=\"og:locale\" content=\"en_US\" \/>\n<meta property=\"og:type\" content=\"article\" \/>\n<meta property=\"og:title\" content=\"Gin Bar - Jardinette Kertvend\u00e9gl\u0151\" \/>\n<meta property=\"og:url\" content=\"https:\/\/jardinette.hu\/en\/gin-bar\/\" \/>\n<meta property=\"og:site_name\" content=\"Jardinette Kertvend\u00e9gl\u0151\" \/>\n<meta property=\"article:modified_time\" content=\"2026-03-10T09:48:10+00:00\" \/>\n<meta property=\"og:image\" content=\"https:\/\/jardinette.hu\/wp-content\/uploads\/2025\/11\/koktellap_25_osz2-scaled.jpg\" \/>\n<meta name=\"twitter:card\" content=\"summary_large_image\" \/>\n<meta name=\"twitter:label1\" content=\"Est. reading time\" \/>\n\t<meta name=\"twitter:data1\" content=\"1 minute\" \/>\n<script type=\"application\/ld+json\" class=\"yoast-schema-graph\">{\"@context\":\"https:\\\/\\\/schema.org\",\"@graph\":[{\"@type\":\"WebPage\",\"@id\":\"https:\\\/\\\/jardinette.hu\\\/en\\\/gin-bar\\\/\",\"url\":\"https:\\\/\\\/jardinette.hu\\\/en\\\/gin-bar\\\/\",\"name\":\"Gin Bar - Jardinette Kertvend\u00e9gl\u0151\",\"isPartOf\":{\"@id\":\"https:\\\/\\\/jardinette.hu\\\/#website\"},\"primaryImageOfPage\":{\"@id\":\"https:\\\/\\\/jardinette.hu\\\/en\\\/gin-bar\\\/#primaryimage\"},\"image\":{\"@id\":\"https:\\\/\\\/jardinette.hu\\\/en\\\/gin-bar\\\/#primaryimage\"},\"thumbnailUrl\":\"https:\\\/\\\/jardinette.hu\\\/wp-content\\\/uploads\\\/2025\\\/11\\\/koktellap_25_osz2-scaled.jpg\",\"datePublished\":\"2023-06-02T17:20:20+00:00\",\"dateModified\":\"2026-03-10T09:48:10+00:00\",\"breadcrumb\":{\"@id\":\"https:\\\/\\\/jardinette.hu\\\/en\\\/gin-bar\\\/#breadcrumb\"},\"inLanguage\":\"en-US\",\"potentialAction\":[{\"@type\":\"ReadAction\",\"target\":[\"https:\\\/\\\/jardinette.hu\\\/en\\\/gin-bar\\\/\"]}]},{\"@type\":\"ImageObject\",\"inLanguage\":\"en-US\",\"@id\":\"https:\\\/\\\/jardinette.hu\\\/en\\\/gin-bar\\\/#primaryimage\",\"url\":\"https:\\\/\\\/jardinette.hu\\\/wp-content\\\/uploads\\\/2025\\\/11\\\/koktellap_25_osz2-scaled.jpg\",\"contentUrl\":\"https:\\\/\\\/jardinette.hu\\\/wp-content\\\/uploads\\\/2025\\\/11\\\/koktellap_25_osz2-scaled.jpg\"},{\"@type\":\"BreadcrumbList\",\"@id\":\"https:\\\/\\\/jardinette.hu\\\/en\\\/gin-bar\\\/#breadcrumb\",\"itemListElement\":[{\"@type\":\"ListItem\",\"position\":1,\"name\":\"Home\",\"item\":\"https:\\\/\\\/jardinette.hu\\\/\"},{\"@type\":\"ListItem\",\"position\":2,\"name\":\"Gin Bar\"}]},{\"@type\":\"WebSite\",\"@id\":\"https:\\\/\\\/jardinette.hu\\\/#website\",\"url\":\"https:\\\/\\\/jardinette.hu\\\/\",\"name\":\"Jardinette Kertvend\u00e9gl\u0151\",\"description\":\"Buda egyik leghangulatosabb \u00e9tterme\",\"potentialAction\":[{\"@type\":\"SearchAction\",\"target\":{\"@type\":\"EntryPoint\",\"urlTemplate\":\"https:\\\/\\\/jardinette.hu\\\/?s={search_term_string}\"},\"query-input\":{\"@type\":\"PropertyValueSpecification\",\"valueRequired\":true,\"valueName\":\"search_term_string\"}}],\"inLanguage\":\"en-US\"}]}<\/script>\n<!-- \/ Yoast SEO plugin. -->","yoast_head_json":{"title":"Gin Bar - Jardinette Kertvend\u00e9gl\u0151","robots":{"index":"index","follow":"follow","max-snippet":"max-snippet:-1","max-image-preview":"max-image-preview:large","max-video-preview":"max-video-preview:-1"},"canonical":"https:\/\/jardinette.hu\/en\/gin-bar\/","og_locale":"en_US","og_type":"article","og_title":"Gin Bar - Jardinette Kertvend\u00e9gl\u0151","og_url":"https:\/\/jardinette.hu\/en\/gin-bar\/","og_site_name":"Jardinette Kertvend\u00e9gl\u0151","article_modified_time":"2026-03-10T09:48:10+00:00","og_image":[{"url":"https:\/\/jardinette.hu\/wp-content\/uploads\/2025\/11\/koktellap_25_osz2-scaled.jpg","type":"","width":"","height":""}],"twitter_card":"summary_large_image","twitter_misc":{"Est. reading time":"1 minute"},"schema":{"@context":"https:\/\/schema.org","@graph":[{"@type":"WebPage","@id":"https:\/\/jardinette.hu\/en\/gin-bar\/","url":"https:\/\/jardinette.hu\/en\/gin-bar\/","name":"Gin Bar - Jardinette Kertvend\u00e9gl\u0151","isPartOf":{"@id":"https:\/\/jardinette.hu\/#website"},"primaryImageOfPage":{"@id":"https:\/\/jardinette.hu\/en\/gin-bar\/#primaryimage"},"image":{"@id":"https:\/\/jardinette.hu\/en\/gin-bar\/#primaryimage"},"thumbnailUrl":"https:\/\/jardinette.hu\/wp-content\/uploads\/2025\/11\/koktellap_25_osz2-scaled.jpg","datePublished":"2023-06-02T17:20:20+00:00","dateModified":"2026-03-10T09:48:10+00:00","breadcrumb":{"@id":"https:\/\/jardinette.hu\/en\/gin-bar\/#breadcrumb"},"inLanguage":"en-US","potentialAction":[{"@type":"ReadAction","target":["https:\/\/jardinette.hu\/en\/gin-bar\/"]}]},{"@type":"ImageObject","inLanguage":"en-US","@id":"https:\/\/jardinette.hu\/en\/gin-bar\/#primaryimage","url":"https:\/\/jardinette.hu\/wp-content\/uploads\/2025\/11\/koktellap_25_osz2-scaled.jpg","contentUrl":"https:\/\/jardinette.hu\/wp-content\/uploads\/2025\/11\/koktellap_25_osz2-scaled.jpg"},{"@type":"BreadcrumbList","@id":"https:\/\/jardinette.hu\/en\/gin-bar\/#breadcrumb","itemListElement":[{"@type":"ListItem","position":1,"name":"Home","item":"https:\/\/jardinette.hu\/"},{"@type":"ListItem","position":2,"name":"Gin Bar"}]},{"@type":"WebSite","@id":"https:\/\/jardinette.hu\/#website","url":"https:\/\/jardinette.hu\/","name":"Jardinette Kertvend\u00e9gl\u0151","description":"Buda egyik leghangulatosabb \u00e9tterme","potentialAction":[{"@type":"SearchAction","target":{"@type":"EntryPoint","urlTemplate":"https:\/\/jardinette.hu\/?s={search_term_string}"},"query-input":{"@type":"PropertyValueSpecification","valueRequired":true,"valueName":"search_term_string"}}],"inLanguage":"en-US"}]}},"_links":{"self":[{"href":"https:\/\/jardinette.hu\/en\/wp-json\/wp\/v2\/pages\/36757","targetHints":{"allow":["GET"]}}],"collection":[{"href":"https:\/\/jardinette.hu\/en\/wp-json\/wp\/v2\/pages"}],"about":[{"href":"https:\/\/jardinette.hu\/en\/wp-json\/wp\/v2\/types\/page"}],"author":[{"embeddable":true,"href":"https:\/\/jardinette.hu\/en\/wp-json\/wp\/v2\/users\/262"}],"replies":[{"embeddable":true,"href":"https:\/\/jardinette.hu\/en\/wp-json\/wp\/v2\/comments?post=36757"}],"version-history":[{"count":1,"href":"https:\/\/jardinette.hu\/en\/wp-json\/wp\/v2\/pages\/36757\/revisions"}],"predecessor-version":[{"id":44578,"href":"https:\/\/jardinette.hu\/en\/wp-json\/wp\/v2\/pages\/36757\/revisions\/44578"}],"wp:attachment":[{"href":"https:\/\/jardinette.hu\/en\/wp-json\/wp\/v2\/media?parent=36757"}],"curies":[{"name":"wp","href":"https:\/\/api.w.org\/{rel}","templated":true}]}}