{"id":5955,"date":"2019-09-20T12:33:15","date_gmt":"2019-09-20T12:33:15","guid":{"rendered":"https:\/\/jardinette.hu\/kapcsolat\/"},"modified":"2026-03-05T06:40:14","modified_gmt":"2026-03-05T05:40:14","slug":"contact","status":"publish","type":"page","link":"https:\/\/jardinette.hu\/en\/contact\/","title":{"rendered":"Contact"},"content":{"rendered":"<div id='full_slider_1'  class='avia-fullwidth-slider main_color avia-shadow   avia-builder-el-0  el_before_av_section  avia-builder-el-first  gold  container_wrap fullsize'  >\n<style type=\"text\/css\" data-created_by=\"avia_inline_auto\" id=\"style-css-av-k0s4839x-32552d97fae56d9b9c14e1334b86367c\">\n#top #wrap_all .avia-slideshow .av-slideshow-caption.av-k0s4839x-32552d97fae56d9b9c14e1334b86367c__0 .avia-caption-title{\nfont-size:71px;\n}\n#top .avia-slideshow .av-slideshow-caption.av-k0s4839x-32552d97fae56d9b9c14e1334b86367c__0 .avia-caption-content{\nfont-size:46px;\n}\n#top .avia-slideshow .av-slideshow-caption.av-k0s4839x-32552d97fae56d9b9c14e1334b86367c__0 .avia-caption-content p{\nfont-size:46px;\n}\n<\/style>\n<div  class='avia-slideshow av-k0s4839x-32552d97fae56d9b9c14e1334b86367c avia-slideshow-featured_large av_slideshow_full avia-fade-slider gold av-slideshow-ui av-control-default av-slideshow-autoplay av-loop-endless av-loop-manual-endless av-default-height-applied   avia-slideshow-1' data-slideshow-options=\"{&quot;animation&quot;:&quot;fade&quot;,&quot;autoplay&quot;:true,&quot;loop_autoplay&quot;:&quot;endless&quot;,&quot;interval&quot;:5,&quot;loop_manual&quot;:&quot;manual-endless&quot;,&quot;autoplay_stopper&quot;:false,&quot;noNavigation&quot;:false,&quot;bg_slider&quot;:false,&quot;keep_padding&quot;:false,&quot;hoverpause&quot;:false,&quot;show_slide_delay&quot;:0}\"  itemprop=\"image\" itemscope=\"itemscope\" itemtype=\"https:\/\/schema.org\/ImageObject\" ><ul class='avia-slideshow-inner ' style='padding-bottom: 42%;'><li  class='avia-slideshow-slide av-k0s4839x-32552d97fae56d9b9c14e1334b86367c__0  av-single-slide slide-1 slide-odd'><div data-rel='slideshow-1' class='avia-slide-wrap '   ><img fetchpriority=\"high\" fetchpriority=\"high\" decoding=\"async\" fetchpriority=\"high\" class=\"wp-image-44467 avia-img-lazy-loading-not-44467\"  src=\"https:\/\/jardinette.hu\/wp-content\/uploads\/2026\/03\/IMG_1906-1-1500x630.jpg\" width=\"1500\" height=\"630\" title='IMG_1906' alt=''  itemprop=\"thumbnailUrl\"  style='min-height:260px; min-width:620px; ' \/><div class='av-section-color-overlay' style='opacity: 0.5; background-color: #0a0a0a; '><\/div><\/div><\/li><\/ul><div class='av-slideshow-caption av-k0s4839x-32552d97fae56d9b9c14e1334b86367c__0 caption_fullwidth caption_center'><div class=\"container caption_container\"><div class=\"slideshow_caption\"><div class=\"slideshow_inner_caption\"><div class=\"slideshow_align_caption\"><div class='avia-caption-content '  itemprop=\"description\" ><p>CONTACT<\/p>\n<\/div><a href='https:\/\/reservours.com\/jardinette\/tablereservation\/en?source=honlap' target=\"_blank\" rel=\"noopener noreferrer\" class='avia-slideshow-button avia-button avia-color-light ' data-duration='800' data-easing='easeInOutQuad'>Reservation <\/a><\/div><\/div><\/div><\/div><\/div><\/div><\/div>\n<div id='kapcsolat'  class='avia-section av-4x2v7-1b5d85d27409dde8557b286e991a6019 main_color avia-section-default avia-no-border-styling  avia-builder-el-1  el_after_av_slideshow_full  el_before_av_textblock  avia-bg-style-scroll container_wrap fullsize'  ><div class='container av-section-cont-open' ><div class='template-page content  av-content-full alpha units'><div class='post-entry post-entry-type-page post-entry-5955'><div class='entry-content-wrapper clearfix'>\n<div class='flex_column_table av-4jsmj-74b6e82dfca1f5460420429c44e9ce73 sc-av_one_half av-equal-height-column-flextable'>\n<style type=\"text\/css\" data-created_by=\"avia_inline_auto\" id=\"style-css-av-4jsmj-74b6e82dfca1f5460420429c44e9ce73\">\n.flex_column.av-4jsmj-74b6e82dfca1f5460420429c44e9ce73{\nborder-radius:0px 0px 0px 0px;\npadding:0px 0px 0px 0px;\n}\n<\/style>\n<div  class='flex_column av-4jsmj-74b6e82dfca1f5460420429c44e9ce73 av_one_half  avia-builder-el-2  el_before_av_one_half  avia-builder-el-first  first flex_column_table_cell av-equal-height-column av-align-middle av-zero-column-padding  '     ><div  class='avia-icon-list-container av-k0wjj7rh-b35dfb5f3c8fc36be5c8485ef6ff07e6  avia-builder-el-3  avia-builder-el-no-sibling '><ul class='avia-icon-list avia_animate_when_almost_visible avia-icon-list-left av-iconlist-small av-k0wjj7rh-b35dfb5f3c8fc36be5c8485ef6ff07e6 avia-iconlist-animate'>\n<li><div class='iconlist_icon av-2nrp8z-49a06d90f19495d1e516c87d1455998f avia-font-entypo-fontello'><span class='iconlist-char' aria-hidden='true' data-av_icon='\ue854' data-av_iconfont='entypo-fontello'><\/span><\/div><article class=\"article-icon-entry \"  itemscope=\"itemscope\" itemtype=\"https:\/\/schema.org\/CreativeWork\" ><div class=\"iconlist_content_wrap\"><header class=\"entry-content-header\"><div class='av_iconlist_title iconlist_title_small  '  itemprop=\"headline\" >PHONE NUMBER<\/div><\/header><div class='iconlist_content '  itemprop=\"text\" ><p><a href=\"tel:+3612481652\">+36 1 248 1652<\/a> &#8211; \u00a0 \u00a0 <strong>RESERVATION<\/strong><\/p>\n<p><a href=\"tel:+36703354606\">+36 70 335 4606<\/a><strong> \u2013 Jardinette mobile<br \/>\n<\/strong><\/p>\n<p><a href=\"tel:+36203796895\">+36 20 379 6895<\/a> \u2013 <strong>K\u00e1lm\u00e1n Zolt\u00e1n, owner<\/strong><\/p>\n<\/div><\/div><footer class=\"entry-footer\"><\/footer><\/article><div class=\"iconlist-timeline\"><\/div><\/li>\n<li><div class='iconlist_icon av-3au183-eb19006af20cd1f784f807f7b0b60fd6 avia-font-entypo-fontello'><span class='iconlist-char' aria-hidden='true' data-av_icon='\ue862' data-av_iconfont='entypo-fontello'><\/span><\/div><article class=\"article-icon-entry \"  itemscope=\"itemscope\" itemtype=\"https:\/\/schema.org\/CreativeWork\" ><div class=\"iconlist_content_wrap\"><header class=\"entry-content-header\"><div class='av_iconlist_title iconlist_title_small  '  itemprop=\"headline\" >OPENING HOURS<\/div><\/header><div class='iconlist_content '  itemprop=\"text\" ><p class=\"p1\"><span class=\"s1\">Tuesday-Saturday: 12.00 \u2013 23:00<\/span><\/p>\n<p>Sunday: 12.00-21:00<\/p>\n<\/div><\/div><footer class=\"entry-footer\"><\/footer><\/article><div class=\"iconlist-timeline\"><\/div><\/li>\n<li><div class='iconlist_icon av-5j3p03-e2040142cf66be4dfa4af988854f98a0 avia-font-entypo-fontello'><span class='iconlist-char' aria-hidden='true' data-av_icon='\ue842' data-av_iconfont='entypo-fontello'><\/span><\/div><article class=\"article-icon-entry \"  itemscope=\"itemscope\" itemtype=\"https:\/\/schema.org\/CreativeWork\" ><div class=\"iconlist_content_wrap\"><header class=\"entry-content-header\"><div class='av_iconlist_title iconlist_title_small  '  itemprop=\"headline\" >LOCATION<\/div><\/header><div class='iconlist_content '  itemprop=\"text\" ><p>1112 Budapest, N\u00e9metv\u00f6lgyi \u00fat 136.<\/p>\n\n<style type=\"text\/css\" data-created_by=\"avia_inline_auto\" id=\"style-css-av-374uas-c8083d3f8659228446e767b6944a2f97\">\n.av_font_icon.av-374uas-c8083d3f8659228446e767b6944a2f97{\ncolor:#000;\nborder-color:#000;\n}\n.av_font_icon.av-374uas-c8083d3f8659228446e767b6944a2f97 .av-icon-char{\nfont-size:20px;\nline-height:20px;\n}\n<\/style>\n<span  class='av_font_icon av-374uas-c8083d3f8659228446e767b6944a2f97 avia_animate_when_visible av-icon-style- avia-icon-pos-left avia-icon-animate'><span class='av-icon-char' aria-hidden='true' data-av_icon='\ue845' data-av_iconfont='entypo-fontello' ><\/span><\/span>\n<p><a href=\"https:\/\/www.google.hu\/maps\/place\/Budapest,+N%C3%A9metv%C3%B6lgyi+%C3%BAt+136,+1112\/@47.4828996,19.0031438,17z\/data=!3m1!4b1!4m5!3m4!1s0x4741de7eea12d90d:0x380fb26be5580bb8!8m2!3d47.482896!4d19.0053378\">FIND US-\u00bb<\/a><\/p>\n<\/div><\/div><footer class=\"entry-footer\"><\/footer><\/article><div class=\"iconlist-timeline\"><\/div><\/li>\n<\/ul><\/div><\/div><div class='av-flex-placeholder'><\/div>\n<style type=\"text\/css\" data-created_by=\"avia_inline_auto\" id=\"style-css-av-dc1b-28db5d44cd49512f51af8c329ae3b16a\">\n.flex_column.av-dc1b-28db5d44cd49512f51af8c329ae3b16a{\nborder-radius:0px 0px 0px 0px;\npadding:30px 30px 30px 30px;\nbackground-color:#f7f7f7;\n}\n<\/style>\n<div  id=\"ajanlatkeres\"  class='flex_column av-dc1b-28db5d44cd49512f51af8c329ae3b16a av_one_half  avia-builder-el-5  el_after_av_one_half  avia-builder-el-last  flex_column_table_cell av-equal-height-column av-align-middle  '     ><div  class='avia-icon-list-container av-k0wjj7rh-b35dfb5f3c8fc36be5c8485ef6ff07e6  avia-builder-el-6  avia-builder-el-no-sibling '><ul class='avia-icon-list avia_animate_when_almost_visible avia-icon-list-left av-iconlist-small av-k0wjj7rh-b35dfb5f3c8fc36be5c8485ef6ff07e6 avia-iconlist-animate'>\n<li><div class='iconlist_icon av-45skoj-4c3b03166b14c0a1a7240d103e7de187 avia-font-entypo-fontello'><span class='iconlist-char' aria-hidden='true' data-av_icon='\ue911' data-av_iconfont='entypo-fontello'><\/span><\/div><article class=\"article-icon-entry \"  itemscope=\"itemscope\" itemtype=\"https:\/\/schema.org\/CreativeWork\" ><div class=\"iconlist_content_wrap\"><header class=\"entry-content-header\"><div class='av_iconlist_title iconlist_title_small  '  itemprop=\"headline\" >PARKING<\/div><\/header><div class='iconlist_content '  itemprop=\"text\" ><p>There are free parking places in G\u00f6rbe utca.<\/p>\n<\/div><\/div><footer class=\"entry-footer\"><\/footer><\/article><div class=\"iconlist-timeline\"><\/div><\/li>\n<li><div class='iconlist_icon av-22p65f-41700ef77b089c5d65f5a4993f0798bc avia-font-entypo-fontello'><span class='iconlist-char' aria-hidden='true' data-av_icon='\ue858' data-av_iconfont='entypo-fontello'><\/span><\/div><article class=\"article-icon-entry \"  itemscope=\"itemscope\" itemtype=\"https:\/\/schema.org\/CreativeWork\" ><div class=\"iconlist_content_wrap\"><header class=\"entry-content-header\"><div class='av_iconlist_title iconlist_title_small  '  itemprop=\"headline\" >PUBLIC TRANSPORT<\/div><\/header><div class='iconlist_content '  itemprop=\"text\" ><p>From the inner city by bus 8E until Farkasr\u00e9ti temet\u0151 station.<\/p>\n<p>You can reach us by tram 59 as well. Get off at Farkasr\u00e9ti temet\u0151 station.<\/p>\n<\/div><\/div><footer class=\"entry-footer\"><\/footer><\/article><div class=\"iconlist-timeline\"><\/div><\/li>\n<\/ul><\/div><\/div><\/div><!--close column table wrapper. Autoclose: 1 -->\n<\/div><\/div><\/div><!-- close content main div --><\/div><\/div><div id='after_section_1'  class='main_color av_default_container_wrap container_wrap fullsize'  ><div class='container av-section-cont-open' ><div class='template-page content  av-content-full alpha units'><div class='post-entry post-entry-type-page post-entry-5955'><div class='entry-content-wrapper clearfix'>\n<section  class='av_textblock_section av-l0pe1wkx-5b81ae18a7029244875c71667e41d75e '   itemscope=\"itemscope\" itemtype=\"https:\/\/schema.org\/CreativeWork\" ><div class='avia_textblock'  itemprop=\"text\" ><p><iframe style=\"border: 0;\" src=\"https:\/\/www.google.com\/maps\/embed?pb=!1m18!1m12!1m3!1d2696.3567394227907!2d19.003166315626274!3d47.48296337917681!2m3!1f0!2f0!3f0!3m2!1i1024!2i768!4f13.1!3m3!1m2!1s0x4741de7eea4e47c3%3A0x591e2ee9109438b6!2zQnVkYXBlc3QsIE7DqW1ldHbDtmxneWkgw7p0IDEzNiwgMTExMg!5e0!3m2!1sen!2shu!4v1647182684892!5m2!1sen!2shu\" width=\"100%\" height=\"450\" allowfullscreen=\"allowfullscreen\"><\/iframe><\/p>\n<\/div><\/section>\n","protected":false},"excerpt":{"rendered":"","protected":false},"author":1,"featured_media":0,"parent":0,"menu_order":0,"comment_status":"closed","ping_status":"closed","template":"","meta":{"footnotes":""},"class_list":["post-5955","page","type-page","status-publish","hentry"],"yoast_head":"<!-- This site is optimized with the Yoast SEO plugin v27.4 - https:\/\/yoast.com\/product\/yoast-seo-wordpress\/ -->\n<title>Contact - Jardinette Kertvend\u00e9gl\u0151<\/title>\n<meta name=\"robots\" content=\"index, follow, max-snippet:-1, max-image-preview:large, max-video-preview:-1\" \/>\n<link rel=\"canonical\" href=\"https:\/\/jardinette.hu\/en\/contact\/\" \/>\n<meta property=\"og:locale\" content=\"en_US\" \/>\n<meta property=\"og:type\" content=\"article\" \/>\n<meta property=\"og:title\" content=\"Contact - Jardinette Kertvend\u00e9gl\u0151\" \/>\n<meta property=\"og:url\" content=\"https:\/\/jardinette.hu\/en\/contact\/\" \/>\n<meta property=\"og:site_name\" content=\"Jardinette Kertvend\u00e9gl\u0151\" \/>\n<meta property=\"article:modified_time\" content=\"2026-03-05T05:40:14+00:00\" \/>\n<meta property=\"og:image\" content=\"https:\/\/jardinette.hu\/wp-content\/uploads\/2025\/05\/jardi_szines_fekvo-scaled.png\" \/>\n\t<meta property=\"og:image:width\" content=\"2560\" \/>\n\t<meta property=\"og:image:height\" content=\"2560\" \/>\n\t<meta property=\"og:image:type\" content=\"image\/png\" \/>\n<meta name=\"twitter:card\" content=\"summary_large_image\" \/>\n<meta name=\"twitter:label1\" content=\"Est. reading time\" \/>\n\t<meta name=\"twitter:data1\" content=\"1 minute\" \/>\n<script type=\"application\/ld+json\" class=\"yoast-schema-graph\">{\"@context\":\"https:\\\/\\\/schema.org\",\"@graph\":[{\"@type\":\"WebPage\",\"@id\":\"https:\\\/\\\/jardinette.hu\\\/en\\\/contact\\\/\",\"url\":\"https:\\\/\\\/jardinette.hu\\\/en\\\/contact\\\/\",\"name\":\"Contact - Jardinette Kertvend\u00e9gl\u0151\",\"isPartOf\":{\"@id\":\"https:\\\/\\\/jardinette.hu\\\/#website\"},\"datePublished\":\"2019-09-20T12:33:15+00:00\",\"dateModified\":\"2026-03-05T05:40:14+00:00\",\"breadcrumb\":{\"@id\":\"https:\\\/\\\/jardinette.hu\\\/en\\\/contact\\\/#breadcrumb\"},\"inLanguage\":\"en-US\",\"potentialAction\":[{\"@type\":\"ReadAction\",\"target\":[\"https:\\\/\\\/jardinette.hu\\\/en\\\/contact\\\/\"]}]},{\"@type\":\"BreadcrumbList\",\"@id\":\"https:\\\/\\\/jardinette.hu\\\/en\\\/contact\\\/#breadcrumb\",\"itemListElement\":[{\"@type\":\"ListItem\",\"position\":1,\"name\":\"Home\",\"item\":\"https:\\\/\\\/jardinette.hu\\\/\"},{\"@type\":\"ListItem\",\"position\":2,\"name\":\"Contact\"}]},{\"@type\":\"WebSite\",\"@id\":\"https:\\\/\\\/jardinette.hu\\\/#website\",\"url\":\"https:\\\/\\\/jardinette.hu\\\/\",\"name\":\"Jardinette Kertvend\u00e9gl\u0151\",\"description\":\"Buda egyik leghangulatosabb \u00e9tterme\",\"potentialAction\":[{\"@type\":\"SearchAction\",\"target\":{\"@type\":\"EntryPoint\",\"urlTemplate\":\"https:\\\/\\\/jardinette.hu\\\/?s={search_term_string}\"},\"query-input\":{\"@type\":\"PropertyValueSpecification\",\"valueRequired\":true,\"valueName\":\"search_term_string\"}}],\"inLanguage\":\"en-US\"}]}<\/script>\n<!-- \/ Yoast SEO plugin. -->","yoast_head_json":{"title":"Contact - Jardinette Kertvend\u00e9gl\u0151","robots":{"index":"index","follow":"follow","max-snippet":"max-snippet:-1","max-image-preview":"max-image-preview:large","max-video-preview":"max-video-preview:-1"},"canonical":"https:\/\/jardinette.hu\/en\/contact\/","og_locale":"en_US","og_type":"article","og_title":"Contact - Jardinette Kertvend\u00e9gl\u0151","og_url":"https:\/\/jardinette.hu\/en\/contact\/","og_site_name":"Jardinette Kertvend\u00e9gl\u0151","article_modified_time":"2026-03-05T05:40:14+00:00","og_image":[{"width":2560,"height":2560,"url":"https:\/\/jardinette.hu\/wp-content\/uploads\/2025\/05\/jardi_szines_fekvo-scaled.png","type":"image\/png"}],"twitter_card":"summary_large_image","twitter_misc":{"Est. reading time":"1 minute"},"schema":{"@context":"https:\/\/schema.org","@graph":[{"@type":"WebPage","@id":"https:\/\/jardinette.hu\/en\/contact\/","url":"https:\/\/jardinette.hu\/en\/contact\/","name":"Contact - Jardinette Kertvend\u00e9gl\u0151","isPartOf":{"@id":"https:\/\/jardinette.hu\/#website"},"datePublished":"2019-09-20T12:33:15+00:00","dateModified":"2026-03-05T05:40:14+00:00","breadcrumb":{"@id":"https:\/\/jardinette.hu\/en\/contact\/#breadcrumb"},"inLanguage":"en-US","potentialAction":[{"@type":"ReadAction","target":["https:\/\/jardinette.hu\/en\/contact\/"]}]},{"@type":"BreadcrumbList","@id":"https:\/\/jardinette.hu\/en\/contact\/#breadcrumb","itemListElement":[{"@type":"ListItem","position":1,"name":"Home","item":"https:\/\/jardinette.hu\/"},{"@type":"ListItem","position":2,"name":"Contact"}]},{"@type":"WebSite","@id":"https:\/\/jardinette.hu\/#website","url":"https:\/\/jardinette.hu\/","name":"Jardinette Kertvend\u00e9gl\u0151","description":"Buda egyik leghangulatosabb \u00e9tterme","potentialAction":[{"@type":"SearchAction","target":{"@type":"EntryPoint","urlTemplate":"https:\/\/jardinette.hu\/?s={search_term_string}"},"query-input":{"@type":"PropertyValueSpecification","valueRequired":true,"valueName":"search_term_string"}}],"inLanguage":"en-US"}]}},"_links":{"self":[{"href":"https:\/\/jardinette.hu\/en\/wp-json\/wp\/v2\/pages\/5955","targetHints":{"allow":["GET"]}}],"collection":[{"href":"https:\/\/jardinette.hu\/en\/wp-json\/wp\/v2\/pages"}],"about":[{"href":"https:\/\/jardinette.hu\/en\/wp-json\/wp\/v2\/types\/page"}],"author":[{"embeddable":true,"href":"https:\/\/jardinette.hu\/en\/wp-json\/wp\/v2\/users\/1"}],"replies":[{"embeddable":true,"href":"https:\/\/jardinette.hu\/en\/wp-json\/wp\/v2\/comments?post=5955"}],"version-history":[{"count":2,"href":"https:\/\/jardinette.hu\/en\/wp-json\/wp\/v2\/pages\/5955\/revisions"}],"predecessor-version":[{"id":44556,"href":"https:\/\/jardinette.hu\/en\/wp-json\/wp\/v2\/pages\/5955\/revisions\/44556"}],"wp:attachment":[{"href":"https:\/\/jardinette.hu\/en\/wp-json\/wp\/v2\/media?parent=5955"}],"curies":[{"name":"wp","href":"https:\/\/api.w.org\/{rel}","templated":true}]}}