{"id":5966,"date":"2019-09-20T12:31:56","date_gmt":"2019-09-20T12:31:56","guid":{"rendered":"https:\/\/jardinette.hu\/galeria\/"},"modified":"2021-06-20T13:38:08","modified_gmt":"2021-06-20T13:38:08","slug":"gallery","status":"publish","type":"page","link":"https:\/\/jardinette.hu\/en\/gallery\/","title":{"rendered":"Gallery"},"content":{"rendered":"\n<style type=\"text\/css\" data-created_by=\"avia_inline_auto\" id=\"style-css-av-av_heading-db370acc4a948450001dbda6978da239\">\n#top .av-special-heading.av-av_heading-db370acc4a948450001dbda6978da239{\npadding-bottom:10px;\nfont-size:47px;\n}\nbody .av-special-heading.av-av_heading-db370acc4a948450001dbda6978da239 .av-special-heading-tag .heading-char{\nfont-size:25px;\n}\n#top #wrap_all .av-special-heading.av-av_heading-db370acc4a948450001dbda6978da239 .av-special-heading-tag{\nfont-size:47px;\n}\n.av-special-heading.av-av_heading-db370acc4a948450001dbda6978da239 .av-subheading{\nfont-size:40px;\n}\n\n@media only screen and (min-width: 480px) and (max-width: 767px){ \n#top #wrap_all .av-special-heading.av-av_heading-db370acc4a948450001dbda6978da239 .av-special-heading-tag{\nfont-size:0.8em;\n}\n}\n\n@media only screen and (max-width: 479px){ \n#top #wrap_all .av-special-heading.av-av_heading-db370acc4a948450001dbda6978da239 .av-special-heading-tag{\nfont-size:0.8em;\n}\n}\n<\/style>\n<div  class='av-special-heading av-av_heading-db370acc4a948450001dbda6978da239 av-special-heading-h1 blockquote modern-quote modern-centered  avia-builder-el-0  el_before_av_masonry_entries  avia-builder-el-no-sibling  elegans-fejlec av-inherit-size'><div class='av-subheading av-subheading_above'><p>Jardinette<\/p>\n<\/div><h1 class='av-special-heading-tag'  itemprop=\"headline\"  >GALLERY<\/h1><div class=\"special-heading-border\"><div class=\"special-heading-inner-border\"><\/div><\/div><\/div>\n\n<style type=\"text\/css\" data-created_by=\"avia_inline_auto\" id=\"style-css-av-k10bjy8k-a21e16a0626179e36c94a2f13a1db096\">\n#top .av-masonry.av-k10bjy8k-a21e16a0626179e36c94a2f13a1db096{\nbackground-color:#ffffff;\n}\n<\/style>\n<div id='galeria' class='av-masonry av-k10bjy8k-a21e16a0626179e36c94a2f13a1db096 noHover av-fixed-size av-large-gap av-hover-overlay-active av-masonry-animation- av-masonry-col-3 av-caption-always av-caption-style-overlay av-masonry-entries margoLent' data-post_id=\"5966\"><div class=\"av-masonry-container isotope av-js-disabled\"><div class='av-masonry-entry isotope-item av-masonry-item-no-image all_sort gallery_sort '><\/div><a href=\"https:\/\/jardinette.hu\/en\/albumok\/main\/\"  id='av-masonry-1-item-22552' data-av-masonry-item='22552' class='av-masonry-entry isotope-item post-22552 albumok type-albumok status-publish has-post-thumbnail hentry category-gallery all_sort gallery_sort  av-masonry-item-with-image av-grid-img' title=\"IMG_1915\"   itemscope=\"itemscope\" itemtype=\"https:\/\/schema.org\/CreativeWork\" ><div class='av-inner-masonry-sizer'><\/div><figure class='av-inner-masonry main_color'><div class=\"av-masonry-outerimage-container\"><div class='av-masonry-image-container' style=\"background-image: url(https:\/\/jardinette.hu\/wp-content\/uploads\/2026\/03\/IMG_1915-1-705x529.jpg);\"  title=\"IMG_1915\"  ><\/div><\/div><figcaption class='av-inner-masonry-content site-background'><div class='av-inner-masonry-content-pos'><div class='av-inner-masonry-content-pos-content'><div class='avia-arrow'><\/div><h3 class='av-masonry-entry-title entry-title '  itemprop=\"headline\" >Main building<\/h3><\/div><\/div><\/figcaption><\/figure><\/a><!--end av-masonry entry--><a href=\"https:\/\/jardinette.hu\/en\/albumok\/wintergarden\/\"  id='av-masonry-1-item-22547' data-av-masonry-item='22547' class='av-masonry-entry isotope-item post-22547 albumok type-albumok status-publish has-post-thumbnail hentry category-gallery all_sort gallery_sort  av-masonry-item-with-image av-grid-img' title=\"IMG_0663\"   itemscope=\"itemscope\" itemtype=\"https:\/\/schema.org\/CreativeWork\" ><div class='av-inner-masonry-sizer'><\/div><figure class='av-inner-masonry main_color'><div class=\"av-masonry-outerimage-container\"><div class='av-masonry-image-container' style=\"background-image: url(https:\/\/jardinette.hu\/wp-content\/uploads\/2019\/09\/IMG_0663-705x529.jpg);\"  title=\"IMG_0663\"  ><\/div><\/div><figcaption class='av-inner-masonry-content site-background'><div class='av-inner-masonry-content-pos'><div class='av-inner-masonry-content-pos-content'><div class='avia-arrow'><\/div><h3 class='av-masonry-entry-title entry-title '  itemprop=\"headline\" >Winter garden<\/h3><\/div><\/div><\/figcaption><\/figure><\/a><!--end av-masonry entry--><a href=\"https:\/\/jardinette.hu\/en\/albumok\/cellar\/\"  id='av-masonry-1-item-22538' data-av-masonry-item='22538' class='av-masonry-entry isotope-item post-22538 albumok type-albumok status-publish has-post-thumbnail hentry category-gallery all_sort gallery_sort  av-masonry-item-with-image av-grid-img' title=\"Jardinette-4\"   itemscope=\"itemscope\" itemtype=\"https:\/\/schema.org\/CreativeWork\" ><div class='av-inner-masonry-sizer'><\/div><figure class='av-inner-masonry main_color'><div class=\"av-masonry-outerimage-container\"><div class='av-masonry-image-container' style=\"background-image: url(https:\/\/jardinette.hu\/wp-content\/uploads\/2019\/09\/Jardinette-4.jpg);\"  title=\"Jardinette-4\"  ><\/div><\/div><figcaption class='av-inner-masonry-content site-background'><div class='av-inner-masonry-content-pos'><div class='av-inner-masonry-content-pos-content'><div class='avia-arrow'><\/div><h3 class='av-masonry-entry-title entry-title '  itemprop=\"headline\" >Wine cellar<\/h3><\/div><\/div><\/figcaption><\/figure><\/a><!--end av-masonry entry--><a href=\"https:\/\/jardinette.hu\/en\/albumok\/garden\/\"  id='av-masonry-1-item-22535' data-av-masonry-item='22535' class='av-masonry-entry isotope-item post-22535 albumok type-albumok status-publish has-post-thumbnail hentry category-gallery all_sort gallery_sort  av-masonry-item-with-image av-grid-img' title=\"jardientte-etterem-kert &#8211; 5\"   itemscope=\"itemscope\" itemtype=\"https:\/\/schema.org\/CreativeWork\" ><div class='av-inner-masonry-sizer'><\/div><figure class='av-inner-masonry main_color'><div class=\"av-masonry-outerimage-container\"><div class='av-masonry-image-container' style=\"background-image: url(https:\/\/jardinette.hu\/wp-content\/uploads\/2019\/09\/jardientte-etterem-kert-5-705x470.jpeg);\"  title=\"jardientte-etterem-kert &#8211; 5\"  ><\/div><\/div><figcaption class='av-inner-masonry-content site-background'><div class='av-inner-masonry-content-pos'><div class='av-inner-masonry-content-pos-content'><div class='avia-arrow'><\/div><h3 class='av-masonry-entry-title entry-title '  itemprop=\"headline\" >Garden<\/h3><\/div><\/div><\/figcaption><\/figure><\/a><!--end av-masonry entry--><a href=\"https:\/\/jardinette.hu\/en\/albumok\/wedding\/\"  id='av-masonry-1-item-22532' data-av-masonry-item='22532' class='av-masonry-entry isotope-item post-22532 albumok type-albumok status-publish has-post-thumbnail hentry category-gallery all_sort gallery_sort  av-masonry-item-with-image av-grid-img' title=\"NoriGabor_Jardinette_2\"   itemscope=\"itemscope\" itemtype=\"https:\/\/schema.org\/CreativeWork\" ><div class='av-inner-masonry-sizer'><\/div><figure class='av-inner-masonry main_color'><div class=\"av-masonry-outerimage-container\"><div class='av-masonry-image-container' style=\"background-image: url(https:\/\/jardinette.hu\/wp-content\/uploads\/2019\/09\/NoriGabor_Jardinette_2-705x470.jpg);\"  title=\"NoriGabor_Jardinette_2\"  ><\/div><\/div><figcaption class='av-inner-masonry-content site-background'><div class='av-inner-masonry-content-pos'><div class='av-inner-masonry-content-pos-content'><div class='avia-arrow'><\/div><h3 class='av-masonry-entry-title entry-title '  itemprop=\"headline\" >Wedding<\/h3><\/div><\/div><\/figcaption><\/figure><\/a><!--end av-masonry entry--><a href=\"https:\/\/jardinette.hu\/en\/albumok\/menu\/\"  id='av-masonry-1-item-22529' data-av-masonry-item='22529' class='av-masonry-entry isotope-item post-22529 albumok type-albumok status-publish has-post-thumbnail hentry category-gallery all_sort gallery_sort  av-masonry-item-with-image av-grid-img' title=\"IMG_1621\"   itemscope=\"itemscope\" itemtype=\"https:\/\/schema.org\/CreativeWork\" ><div class='av-inner-masonry-sizer'><\/div><figure class='av-inner-masonry main_color'><div class=\"av-masonry-outerimage-container\"><div class='av-masonry-image-container' style=\"background-image: url(https:\/\/jardinette.hu\/wp-content\/uploads\/2019\/09\/IMG_1621-705x529.jpg);\"  title=\"IMG_1621\"  ><\/div><\/div><figcaption class='av-inner-masonry-content site-background'><div class='av-inner-masonry-content-pos'><div class='av-inner-masonry-content-pos-content'><div class='avia-arrow'><\/div><h3 class='av-masonry-entry-title entry-title '  itemprop=\"headline\" >Our dishes<\/h3><\/div><\/div><\/figcaption><\/figure><\/a><!--end av-masonry entry--><a href=\"https:\/\/jardinette.hu\/en\/albumok\/confectionery\/\"  id='av-masonry-1-item-22524' data-av-masonry-item='22524' class='av-masonry-entry isotope-item post-22524 albumok type-albumok status-publish has-post-thumbnail hentry category-gallery all_sort gallery_sort  av-masonry-item-with-image av-grid-img' title=\"IMG_2771\"   itemscope=\"itemscope\" itemtype=\"https:\/\/schema.org\/CreativeWork\" ><div class='av-inner-masonry-sizer'><\/div><figure class='av-inner-masonry main_color'><div class=\"av-masonry-outerimage-container\"><div class='av-masonry-image-container' style=\"background-image: url(https:\/\/jardinette.hu\/wp-content\/uploads\/2020\/06\/IMG_2771-529x705.jpeg);\"  title=\"IMG_2771\"  ><\/div><\/div><figcaption class='av-inner-masonry-content site-background'><div class='av-inner-masonry-content-pos'><div class='av-inner-masonry-content-pos-content'><div class='avia-arrow'><\/div><h3 class='av-masonry-entry-title entry-title '  itemprop=\"headline\" >Confectionery<\/h3><\/div><\/div><\/figcaption><\/figure><\/a><!--end av-masonry entry--><a href=\"https:\/\/jardinette.hu\/en\/albumok\/breakfast\/\"  id='av-masonry-1-item-22522' data-av-masonry-item='22522' class='av-masonry-entry isotope-item post-22522 albumok type-albumok status-publish has-post-thumbnail hentry category-gallery all_sort gallery_sort  av-masonry-item-with-image av-grid-img' title=\"IMG_3519 2\"   itemscope=\"itemscope\" itemtype=\"https:\/\/schema.org\/CreativeWork\" ><div class='av-inner-masonry-sizer'><\/div><figure class='av-inner-masonry main_color'><div class=\"av-masonry-outerimage-container\"><div class='av-masonry-image-container' style=\"background-image: url(https:\/\/jardinette.hu\/wp-content\/uploads\/2021\/06\/IMG_3519-2-705x529.jpg);\"  title=\"IMG_3519 2\"  ><\/div><\/div><figcaption class='av-inner-masonry-content site-background'><div class='av-inner-masonry-content-pos'><div class='av-inner-masonry-content-pos-content'><div class='avia-arrow'><\/div><h3 class='av-masonry-entry-title entry-title '  itemprop=\"headline\" >Breakfast<\/h3><\/div><\/div><\/figcaption><\/figure><\/a><!--end av-masonry entry--><\/div><\/div>\n","protected":false},"excerpt":{"rendered":"","protected":false},"author":1,"featured_media":0,"parent":0,"menu_order":0,"comment_status":"closed","ping_status":"closed","template":"","meta":{"footnotes":""},"class_list":["post-5966","page","type-page","status-publish","hentry"],"yoast_head":"<!-- This site is optimized with the Yoast SEO plugin v27.5 - https:\/\/yoast.com\/product\/yoast-seo-wordpress\/ -->\n<title>Gallery - Jardinette Kertvend\u00e9gl\u0151<\/title>\n<meta name=\"robots\" content=\"index, follow, max-snippet:-1, max-image-preview:large, max-video-preview:-1\" \/>\n<link rel=\"canonical\" href=\"https:\/\/jardinette.hu\/galeria\/\" \/>\n<meta property=\"og:locale\" content=\"en_US\" \/>\n<meta property=\"og:type\" content=\"article\" \/>\n<meta property=\"og:title\" content=\"Gallery - Jardinette Kertvend\u00e9gl\u0151\" \/>\n<meta property=\"og:url\" content=\"https:\/\/jardinette.hu\/galeria\/\" \/>\n<meta property=\"og:site_name\" content=\"Jardinette Kertvend\u00e9gl\u0151\" \/>\n<meta property=\"article:modified_time\" content=\"2021-06-20T13:38:08+00:00\" \/>\n<meta property=\"og:image\" content=\"https:\/\/jardinette.hu\/wp-content\/uploads\/2025\/05\/jardi_szines_fekvo-scaled.png\" \/>\n\t<meta property=\"og:image:width\" content=\"2560\" \/>\n\t<meta property=\"og:image:height\" content=\"2560\" \/>\n\t<meta property=\"og:image:type\" content=\"image\/png\" \/>\n<meta name=\"twitter:card\" content=\"summary_large_image\" \/>\n<meta name=\"twitter:label1\" content=\"Est. reading time\" \/>\n\t<meta name=\"twitter:data1\" content=\"1 minute\" \/>\n<script type=\"application\/ld+json\" class=\"yoast-schema-graph\">{\"@context\":\"https:\\\/\\\/schema.org\",\"@graph\":[{\"@type\":\"WebPage\",\"@id\":\"https:\\\/\\\/jardinette.hu\\\/galeria\\\/\",\"url\":\"https:\\\/\\\/jardinette.hu\\\/galeria\\\/\",\"name\":\"Gallery - Jardinette Kertvend\u00e9gl\u0151\",\"isPartOf\":{\"@id\":\"https:\\\/\\\/jardinette.hu\\\/#website\"},\"datePublished\":\"2019-09-20T12:31:56+00:00\",\"dateModified\":\"2021-06-20T13:38:08+00:00\",\"breadcrumb\":{\"@id\":\"https:\\\/\\\/jardinette.hu\\\/galeria\\\/#breadcrumb\"},\"inLanguage\":\"en-US\",\"potentialAction\":[{\"@type\":\"ReadAction\",\"target\":[\"https:\\\/\\\/jardinette.hu\\\/galeria\\\/\"]}]},{\"@type\":\"BreadcrumbList\",\"@id\":\"https:\\\/\\\/jardinette.hu\\\/galeria\\\/#breadcrumb\",\"itemListElement\":[{\"@type\":\"ListItem\",\"position\":1,\"name\":\"Home\",\"item\":\"https:\\\/\\\/jardinette.hu\\\/en\\\/\"},{\"@type\":\"ListItem\",\"position\":2,\"name\":\"Gallery\"}]},{\"@type\":\"WebSite\",\"@id\":\"https:\\\/\\\/jardinette.hu\\\/#website\",\"url\":\"https:\\\/\\\/jardinette.hu\\\/\",\"name\":\"Jardinette Kertvend\u00e9gl\u0151\",\"description\":\"Buda egyik leghangulatosabb \u00e9tterme\",\"potentialAction\":[{\"@type\":\"SearchAction\",\"target\":{\"@type\":\"EntryPoint\",\"urlTemplate\":\"https:\\\/\\\/jardinette.hu\\\/?s={search_term_string}\"},\"query-input\":{\"@type\":\"PropertyValueSpecification\",\"valueRequired\":true,\"valueName\":\"search_term_string\"}}],\"inLanguage\":\"en-US\"}]}<\/script>\n<!-- \/ Yoast SEO plugin. -->","yoast_head_json":{"title":"Gallery - Jardinette Kertvend\u00e9gl\u0151","robots":{"index":"index","follow":"follow","max-snippet":"max-snippet:-1","max-image-preview":"max-image-preview:large","max-video-preview":"max-video-preview:-1"},"canonical":"https:\/\/jardinette.hu\/galeria\/","og_locale":"en_US","og_type":"article","og_title":"Gallery - Jardinette Kertvend\u00e9gl\u0151","og_url":"https:\/\/jardinette.hu\/galeria\/","og_site_name":"Jardinette Kertvend\u00e9gl\u0151","article_modified_time":"2021-06-20T13:38:08+00:00","og_image":[{"width":2560,"height":2560,"url":"https:\/\/jardinette.hu\/wp-content\/uploads\/2025\/05\/jardi_szines_fekvo-scaled.png","type":"image\/png"}],"twitter_card":"summary_large_image","twitter_misc":{"Est. reading time":"1 minute"},"schema":{"@context":"https:\/\/schema.org","@graph":[{"@type":"WebPage","@id":"https:\/\/jardinette.hu\/galeria\/","url":"https:\/\/jardinette.hu\/galeria\/","name":"Gallery - Jardinette Kertvend\u00e9gl\u0151","isPartOf":{"@id":"https:\/\/jardinette.hu\/#website"},"datePublished":"2019-09-20T12:31:56+00:00","dateModified":"2021-06-20T13:38:08+00:00","breadcrumb":{"@id":"https:\/\/jardinette.hu\/galeria\/#breadcrumb"},"inLanguage":"en-US","potentialAction":[{"@type":"ReadAction","target":["https:\/\/jardinette.hu\/galeria\/"]}]},{"@type":"BreadcrumbList","@id":"https:\/\/jardinette.hu\/galeria\/#breadcrumb","itemListElement":[{"@type":"ListItem","position":1,"name":"Home","item":"https:\/\/jardinette.hu\/en\/"},{"@type":"ListItem","position":2,"name":"Gallery"}]},{"@type":"WebSite","@id":"https:\/\/jardinette.hu\/#website","url":"https:\/\/jardinette.hu\/","name":"Jardinette Kertvend\u00e9gl\u0151","description":"Buda egyik leghangulatosabb \u00e9tterme","potentialAction":[{"@type":"SearchAction","target":{"@type":"EntryPoint","urlTemplate":"https:\/\/jardinette.hu\/?s={search_term_string}"},"query-input":{"@type":"PropertyValueSpecification","valueRequired":true,"valueName":"search_term_string"}}],"inLanguage":"en-US"}]}},"_links":{"self":[{"href":"https:\/\/jardinette.hu\/en\/wp-json\/wp\/v2\/pages\/5966","targetHints":{"allow":["GET"]}}],"collection":[{"href":"https:\/\/jardinette.hu\/en\/wp-json\/wp\/v2\/pages"}],"about":[{"href":"https:\/\/jardinette.hu\/en\/wp-json\/wp\/v2\/types\/page"}],"author":[{"embeddable":true,"href":"https:\/\/jardinette.hu\/en\/wp-json\/wp\/v2\/users\/1"}],"replies":[{"embeddable":true,"href":"https:\/\/jardinette.hu\/en\/wp-json\/wp\/v2\/comments?post=5966"}],"version-history":[{"count":0,"href":"https:\/\/jardinette.hu\/en\/wp-json\/wp\/v2\/pages\/5966\/revisions"}],"wp:attachment":[{"href":"https:\/\/jardinette.hu\/en\/wp-json\/wp\/v2\/media?parent=5966"}],"curies":[{"name":"wp","href":"https:\/\/api.w.org\/{rel}","templated":true}]}}