{"id":5972,"date":"2019-09-23T13:41:14","date_gmt":"2019-09-23T13:41:14","guid":{"rendered":"https:\/\/jardinette.hu\/events\/ajanlatkeres\/"},"modified":"2023-08-23T15:08:38","modified_gmt":"2023-08-23T15:08:38","slug":"askforoffer","status":"publish","type":"page","link":"https:\/\/jardinette.hu\/en\/events\/askforoffer\/","title":{"rendered":"Ask for offer"},"content":{"rendered":"<div id='full_slider_1'  class='avia-fullwidth-slider main_color avia-shadow   avia-builder-el-0  el_before_av_section  avia-builder-el-first  intro-dweb  container_wrap fullsize'  ><\/div>\n<div id='ajanlatkeres'  class='avia-section av-k0wm73ep-6ce90cee97dbaccd2c59600ca7c7d25f main_color avia-section-default avia-no-border-styling  avia-builder-el-1  el_after_av_slideshow_full  avia-builder-el-last  avia-bg-style-scroll container_wrap fullsize'  ><div class='container av-section-cont-open' ><div class='template-page content  av-content-full alpha units'><div class='post-entry post-entry-type-page post-entry-5972'><div class='entry-content-wrapper clearfix'>\n\n<style type=\"text\/css\" data-created_by=\"avia_inline_auto\" id=\"style-css-av-k2lgjd0h-e107cae19325678b4734502fdc911949\">\n.flex_column.av-k2lgjd0h-e107cae19325678b4734502fdc911949{\nborder-radius:0px 0px 0px 0px;\npadding:0px 0px 0px 0px;\n}\n<\/style>\n<div  class='flex_column av-k2lgjd0h-e107cae19325678b4734502fdc911949 av_one_full  avia-builder-el-2  avia-builder-el-no-sibling  first flex_column_div av-animated-generic bottom-to-top av-zero-column-padding  '     ><section  class='av_textblock_section av-k0wm61oo-f5f55c7b473fde3279f5457ff1a493b4 '   itemscope=\"itemscope\" itemtype=\"https:\/\/schema.org\/CreativeWork\" ><div class='avia_textblock'  itemprop=\"text\" ><p><script id='formScript490388000001406001' src='https:\/\/crm.zoho.eu\/crm\/WebFormServeServlet?rid=4875216ab1af22e4c2027778f96b0b48dcc93e5c07963ee6057361cdf06b2613gid20693a94d15b4e01dd0c3a25f181bc914aca1ac81e93d1cc9d3caa721d1e83e6&#038;script=$sYG'><\/script><\/p>\n<\/div><\/section><\/div>\n","protected":false},"excerpt":{"rendered":"","protected":false},"author":1,"featured_media":0,"parent":5948,"menu_order":0,"comment_status":"closed","ping_status":"closed","template":"","meta":{"footnotes":""},"class_list":["post-5972","page","type-page","status-publish","hentry"],"yoast_head":"<!-- This site is optimized with the Yoast SEO plugin v27.4 - https:\/\/yoast.com\/product\/yoast-seo-wordpress\/ -->\n<title>Ask for offer - Jardinette Kertvend\u00e9gl\u0151<\/title>\n<meta name=\"robots\" content=\"index, follow, max-snippet:-1, max-image-preview:large, max-video-preview:-1\" \/>\n<link rel=\"canonical\" href=\"https:\/\/jardinette.hu\/en\/events\/askforoffer\/\" \/>\n<meta property=\"og:locale\" content=\"en_US\" \/>\n<meta property=\"og:type\" content=\"article\" \/>\n<meta property=\"og:title\" content=\"Ask for offer - Jardinette Kertvend\u00e9gl\u0151\" \/>\n<meta property=\"og:url\" content=\"https:\/\/jardinette.hu\/en\/events\/askforoffer\/\" \/>\n<meta property=\"og:site_name\" content=\"Jardinette Kertvend\u00e9gl\u0151\" \/>\n<meta property=\"article:modified_time\" content=\"2023-08-23T15:08:38+00:00\" \/>\n<meta property=\"og:image\" content=\"https:\/\/jardinette.hu\/wp-content\/uploads\/2025\/05\/jardi_szines_fekvo-scaled.png\" \/>\n\t<meta property=\"og:image:width\" content=\"2560\" \/>\n\t<meta property=\"og:image:height\" content=\"2560\" \/>\n\t<meta property=\"og:image:type\" content=\"image\/png\" \/>\n<meta name=\"twitter:card\" content=\"summary_large_image\" \/>\n<meta name=\"twitter:label1\" content=\"Est. reading time\" \/>\n\t<meta name=\"twitter:data1\" content=\"1 minute\" \/>\n<script type=\"application\/ld+json\" class=\"yoast-schema-graph\">{\"@context\":\"https:\\\/\\\/schema.org\",\"@graph\":[{\"@type\":\"WebPage\",\"@id\":\"https:\\\/\\\/jardinette.hu\\\/en\\\/events\\\/askforoffer\\\/\",\"url\":\"https:\\\/\\\/jardinette.hu\\\/en\\\/events\\\/askforoffer\\\/\",\"name\":\"Ask for offer - Jardinette Kertvend\u00e9gl\u0151\",\"isPartOf\":{\"@id\":\"https:\\\/\\\/jardinette.hu\\\/#website\"},\"datePublished\":\"2019-09-23T13:41:14+00:00\",\"dateModified\":\"2023-08-23T15:08:38+00:00\",\"breadcrumb\":{\"@id\":\"https:\\\/\\\/jardinette.hu\\\/en\\\/events\\\/askforoffer\\\/#breadcrumb\"},\"inLanguage\":\"en-US\",\"potentialAction\":[{\"@type\":\"ReadAction\",\"target\":[\"https:\\\/\\\/jardinette.hu\\\/en\\\/events\\\/askforoffer\\\/\"]}]},{\"@type\":\"BreadcrumbList\",\"@id\":\"https:\\\/\\\/jardinette.hu\\\/en\\\/events\\\/askforoffer\\\/#breadcrumb\",\"itemListElement\":[{\"@type\":\"ListItem\",\"position\":1,\"name\":\"Home\",\"item\":\"https:\\\/\\\/jardinette.hu\\\/\"},{\"@type\":\"ListItem\",\"position\":2,\"name\":\"Events\",\"item\":\"https:\\\/\\\/jardinette.hu\\\/en\\\/events\\\/\"},{\"@type\":\"ListItem\",\"position\":3,\"name\":\"Ask for offer\"}]},{\"@type\":\"WebSite\",\"@id\":\"https:\\\/\\\/jardinette.hu\\\/#website\",\"url\":\"https:\\\/\\\/jardinette.hu\\\/\",\"name\":\"Jardinette Kertvend\u00e9gl\u0151\",\"description\":\"Buda egyik leghangulatosabb \u00e9tterme\",\"potentialAction\":[{\"@type\":\"SearchAction\",\"target\":{\"@type\":\"EntryPoint\",\"urlTemplate\":\"https:\\\/\\\/jardinette.hu\\\/?s={search_term_string}\"},\"query-input\":{\"@type\":\"PropertyValueSpecification\",\"valueRequired\":true,\"valueName\":\"search_term_string\"}}],\"inLanguage\":\"en-US\"}]}<\/script>\n<!-- \/ Yoast SEO plugin. -->","yoast_head_json":{"title":"Ask for offer - Jardinette Kertvend\u00e9gl\u0151","robots":{"index":"index","follow":"follow","max-snippet":"max-snippet:-1","max-image-preview":"max-image-preview:large","max-video-preview":"max-video-preview:-1"},"canonical":"https:\/\/jardinette.hu\/en\/events\/askforoffer\/","og_locale":"en_US","og_type":"article","og_title":"Ask for offer - Jardinette Kertvend\u00e9gl\u0151","og_url":"https:\/\/jardinette.hu\/en\/events\/askforoffer\/","og_site_name":"Jardinette Kertvend\u00e9gl\u0151","article_modified_time":"2023-08-23T15:08:38+00:00","og_image":[{"width":2560,"height":2560,"url":"https:\/\/jardinette.hu\/wp-content\/uploads\/2025\/05\/jardi_szines_fekvo-scaled.png","type":"image\/png"}],"twitter_card":"summary_large_image","twitter_misc":{"Est. reading time":"1 minute"},"schema":{"@context":"https:\/\/schema.org","@graph":[{"@type":"WebPage","@id":"https:\/\/jardinette.hu\/en\/events\/askforoffer\/","url":"https:\/\/jardinette.hu\/en\/events\/askforoffer\/","name":"Ask for offer - Jardinette Kertvend\u00e9gl\u0151","isPartOf":{"@id":"https:\/\/jardinette.hu\/#website"},"datePublished":"2019-09-23T13:41:14+00:00","dateModified":"2023-08-23T15:08:38+00:00","breadcrumb":{"@id":"https:\/\/jardinette.hu\/en\/events\/askforoffer\/#breadcrumb"},"inLanguage":"en-US","potentialAction":[{"@type":"ReadAction","target":["https:\/\/jardinette.hu\/en\/events\/askforoffer\/"]}]},{"@type":"BreadcrumbList","@id":"https:\/\/jardinette.hu\/en\/events\/askforoffer\/#breadcrumb","itemListElement":[{"@type":"ListItem","position":1,"name":"Home","item":"https:\/\/jardinette.hu\/"},{"@type":"ListItem","position":2,"name":"Events","item":"https:\/\/jardinette.hu\/en\/events\/"},{"@type":"ListItem","position":3,"name":"Ask for offer"}]},{"@type":"WebSite","@id":"https:\/\/jardinette.hu\/#website","url":"https:\/\/jardinette.hu\/","name":"Jardinette Kertvend\u00e9gl\u0151","description":"Buda egyik leghangulatosabb \u00e9tterme","potentialAction":[{"@type":"SearchAction","target":{"@type":"EntryPoint","urlTemplate":"https:\/\/jardinette.hu\/?s={search_term_string}"},"query-input":{"@type":"PropertyValueSpecification","valueRequired":true,"valueName":"search_term_string"}}],"inLanguage":"en-US"}]}},"_links":{"self":[{"href":"https:\/\/jardinette.hu\/en\/wp-json\/wp\/v2\/pages\/5972","targetHints":{"allow":["GET"]}}],"collection":[{"href":"https:\/\/jardinette.hu\/en\/wp-json\/wp\/v2\/pages"}],"about":[{"href":"https:\/\/jardinette.hu\/en\/wp-json\/wp\/v2\/types\/page"}],"author":[{"embeddable":true,"href":"https:\/\/jardinette.hu\/en\/wp-json\/wp\/v2\/users\/1"}],"replies":[{"embeddable":true,"href":"https:\/\/jardinette.hu\/en\/wp-json\/wp\/v2\/comments?post=5972"}],"version-history":[{"count":0,"href":"https:\/\/jardinette.hu\/en\/wp-json\/wp\/v2\/pages\/5972\/revisions"}],"up":[{"embeddable":true,"href":"https:\/\/jardinette.hu\/en\/wp-json\/wp\/v2\/pages\/5948"}],"wp:attachment":[{"href":"https:\/\/jardinette.hu\/en\/wp-json\/wp\/v2\/media?parent=5972"}],"curies":[{"name":"wp","href":"https:\/\/api.w.org\/{rel}","templated":true}]}}